{"id":15030,"date":"2025-02-17T17:58:20","date_gmt":"2025-02-17T15:58:20","guid":{"rendered":"https:\/\/zbranebudai.sk\/product\/tikka-t3x-laminated-stainless-kal-7mmremmag-ns-ss-st-3rd-24-3in-mt15x1\/"},"modified":"2026-04-16T04:28:55","modified_gmt":"2026-04-16T02:28:55","slug":"tikka-t3x-laminalt-rozsdamentes-acel-7mmremmag-ns-ss-ss-st-3-24-3in-mt15x1","status":"publish","type":"product","link":"https:\/\/zbranebudai.sk\/hu\/product\/tikka-t3x-laminated-stainless-kal-7mmremmag-ns-ss-st-3rd-24-3in-mt15x1\/","title":{"rendered":"Tikka T3x lamin\u00e1lt rozsdamentes, cal. .7mmRemMag. (NS SS ST 3rd 24.3in MT15x1)"},"content":{"rendered":"<p>PARAM\u00c9TEREK:<\/p>\n<p>Cs\u0151hossz: 620 mm (24.3\u2033)<br \/>\nTeljes hossz: 1136 mm<br \/>\nT\u00e1lcakapacit\u00e1s: 3<br \/>\nCs\u0151oszt\u00e1s: 1:9.5\u2033<br \/>\nPicatinny s\u00edn: Nem<br \/>\nA hord\u00f3: Rozsdamentes ac\u00e9l<br \/>\nK\u00e9szlet: lamin\u00e1lt Olajozott sz\u00fcrke<br \/>\nS\u00faly: 3,2 kg<\/p>\n<p>B\u0151vebben a https:\/\/choose.tikka.fi\/global\/code\/TFRT27VM103MAGMT oldalon.<\/p>","protected":false},"excerpt":{"rendered":"<p>A Tikka T3x Laminated Stainless olyan kalandv\u00e1gy\u00f3 vad\u00e1szok sz\u00e1m\u00e1ra k\u00e9sz\u00fclt, akik \u00e9rt\u00e9kelik a tart\u00f3ss\u00e1got \u00e9s a kitart\u00e1st. Az id\u0151j\u00e1r\u00e1s percek alatt megv\u00e1ltozhat, de ennek a pusk\u00e1nak a pontoss\u00e1ga \u00e9s teljes\u00edtm\u00e9nye \u00e9vtizedekig kitart. A sz\u00fcrke, lamin\u00e1lt, famint\u00e1s d\u00edsz\u00edt\u00e9s\u0171 sz\u00e1r \u00e9les megjelen\u00e9s\u00e9vel ny\u0171g\u00f6z le, \u00e9s a rozsdamentes ac\u00e9lcs\u0151vel egy\u00fctt ide\u00e1lis eszk\u00f6zt alkot, amely m\u00e9g a zord id\u0151j\u00e1r\u00e1si k\u00f6r\u00fclm\u00e9nyeknek is ellen\u00e1ll.<\/p>","protected":false},"featured_media":11280,"template":"","meta":{"_gspb_post_css":""},"product_brand":[],"product_cat":[1821,2079,1854,1861,1820],"product_tag":[],"class_list":{"0":"post-15030","1":"product","2":"type-product","3":"status-publish","4":"has-post-thumbnail","6":"product_cat-gulovnice-zbrane-b-c","7":"product_cat-t3x-laminated-stainless","8":"product_cat-tikka","9":"product_cat-tikka-t3x","10":"product_cat-zbrane-b-c","12":"first","13":"outofstock","14":"taxable","15":"shipping-taxable","16":"purchasable","17":"product-type-simple"},"ct_brands":[],"_links":{"self":[{"href":"https:\/\/zbranebudai.sk\/hu\/wp-json\/wp\/v2\/product\/15030","targetHints":{"allow":["GET"]}}],"collection":[{"href":"https:\/\/zbranebudai.sk\/hu\/wp-json\/wp\/v2\/product"}],"about":[{"href":"https:\/\/zbranebudai.sk\/hu\/wp-json\/wp\/v2\/types\/product"}],"wp:featuredmedia":[{"embeddable":true,"href":"https:\/\/zbranebudai.sk\/hu\/wp-json\/wp\/v2\/media\/11280"}],"wp:attachment":[{"href":"https:\/\/zbranebudai.sk\/hu\/wp-json\/wp\/v2\/media?parent=15030"}],"wp:term":[{"taxonomy":"product_brand","embeddable":true,"href":"https:\/\/zbranebudai.sk\/hu\/wp-json\/wp\/v2\/product_brand?post=15030"},{"taxonomy":"product_cat","embeddable":true,"href":"https:\/\/zbranebudai.sk\/hu\/wp-json\/wp\/v2\/product_cat?post=15030"},{"taxonomy":"product_tag","embeddable":true,"href":"https:\/\/zbranebudai.sk\/hu\/wp-json\/wp\/v2\/product_tag?post=15030"}],"curies":[{"name":"wp","href":"https:\/\/api.w.org\/{rel}","templated":true}]}}