{"id":15028,"date":"2025-02-17T17:58:19","date_gmt":"2025-02-17T15:58:19","guid":{"rendered":"https:\/\/zbranebudai.sk\/product\/neoprenovy-navlek-xs149-x108-cierny\/"},"modified":"2026-04-16T04:01:53","modified_gmt":"2026-04-16T02:01:53","slug":"neopren-boritas-xs149-x108-fekete","status":"publish","type":"product","link":"https:\/\/zbranebudai.sk\/hu\/product\/neoprenovy-navlek-xs149-x108-cierny\/","title":{"rendered":"XS149\/X108 fekete neopr\u00e9n ujjh\u00fcvely"},"content":{"rendered":"","protected":false},"excerpt":{"rendered":"<p>Fekete neopr\u00e9n h\u00fcvely meger\u0151s\u00edt\u0151 varr\u00e1ssal. Hossza 235 mm, \u00e1tm\u00e9r\u0151: 49 mm.<\/p>","protected":false},"featured_media":11270,"template":"","meta":{"_gspb_post_css":""},"product_brand":[],"product_cat":[2131,2113,2107,1820],"product_tag":[],"class_list":{"0":"post-15028","1":"product","2":"type-product","3":"status-publish","4":"has-post-thumbnail","6":"product_cat-prislusenstvo-stalon","7":"product_cat-stalon","8":"product_cat-tlmice-zbrane-b-c","9":"product_cat-zbrane-b-c","11":"first","12":"instock","13":"taxable","14":"shipping-taxable","15":"purchasable","16":"product-type-simple"},"ct_brands":[],"_links":{"self":[{"href":"https:\/\/zbranebudai.sk\/hu\/wp-json\/wp\/v2\/product\/15028","targetHints":{"allow":["GET"]}}],"collection":[{"href":"https:\/\/zbranebudai.sk\/hu\/wp-json\/wp\/v2\/product"}],"about":[{"href":"https:\/\/zbranebudai.sk\/hu\/wp-json\/wp\/v2\/types\/product"}],"wp:featuredmedia":[{"embeddable":true,"href":"https:\/\/zbranebudai.sk\/hu\/wp-json\/wp\/v2\/media\/11270"}],"wp:attachment":[{"href":"https:\/\/zbranebudai.sk\/hu\/wp-json\/wp\/v2\/media?parent=15028"}],"wp:term":[{"taxonomy":"product_brand","embeddable":true,"href":"https:\/\/zbranebudai.sk\/hu\/wp-json\/wp\/v2\/product_brand?post=15028"},{"taxonomy":"product_cat","embeddable":true,"href":"https:\/\/zbranebudai.sk\/hu\/wp-json\/wp\/v2\/product_cat?post=15028"},{"taxonomy":"product_tag","embeddable":true,"href":"https:\/\/zbranebudai.sk\/hu\/wp-json\/wp\/v2\/product_tag?post=15028"}],"curies":[{"name":"wp","href":"https:\/\/api.w.org\/{rel}","templated":true}]}}