{"id":15024,"date":"2025-02-17T17:58:19","date_gmt":"2025-02-17T15:58:19","guid":{"rendered":"https:\/\/zbranebudai.sk\/product\/stalon-rf-1-2-20-kal-17-22\/"},"modified":"2026-04-23T06:54:17","modified_gmt":"2026-04-23T04:54:17","slug":"stalon-rf-1-2-20-cal-17-22","status":"publish","type":"product","link":"https:\/\/zbranebudai.sk\/hu\/product\/stalon-rf-1-2-20-kal-17-22\/","title":{"rendered":"Stalon RF, 1\/2-20, cal. .17-.22"},"content":{"rendered":"<p>RF-SOROZAT<\/p>\n<p>Az RF sorozatot kifejezetten .17HMR, .22LR \u00e9s .22WMR pereml\u00f6ved\u00e9kekhez fejlesztett\u00e9k ki. El\u00f6lr\u0151l szerelhet\u0151 kialak\u00edt\u00e1s\u00fa, ami azt jelenti, hogy egyetlen alkatr\u00e9sz sem ny\u00falik h\u00e1trafel\u00e9 a cs\u00f6v\u00f6n kereszt\u00fcl (mint a teleszk\u00f3pos elnyom\u00f3kn\u00e1l), ami lehet\u0151v\u00e9 teszi a k\u00f6nny\u0171 felszerel\u00e9st b\u00e1rmilyen fegyverre, k\u00fcl\u00f6n\u00f6sen olyan pisztolyokra, ahol a teleszk\u00f3pos elnyom\u00f3 felszerel\u00e9se nem lehets\u00e9ges. A Stalon Rimfire hangtomp\u00edt\u00f3i kicsik, mik\u00f6zben kiv\u00e1l\u00f3an cs\u00f6kkentik a zajt. Kompakt kialak\u00edt\u00e1suk \u00e9s k\u00f6nny\u0171 s\u00falyuk miatt t\u00f6k\u00e9letesen illeszkednek b\u00e1rmilyen kis kaliber\u0171 pusk\u00e1hoz vagy pisztolyhoz.<\/p>\n<p>PARAM\u00c9TEREK:<\/p>\n<p>Max. kaliber: .22\/.17<br \/>\nZajcsillap\u00edt\u00e1s: -29,9 dBc (22LR pisztoly)<br \/>\n\u00c1tm\u00e9r\u0151: 31,5 mm<br \/>\nHossz: 132 mm (cs\u0151hosszabb\u00edt\u00e1s 117 mm)<br \/>\nAnyag - test: elox\u00e1lt, kiv\u00e1l\u00f3 min\u0151s\u00e9g\u0171 alum\u00ednium<br \/>\nAnyag - menet: elox\u00e1lt, kiv\u00e1l\u00f3 min\u0151s\u00e9g\u0171 alum\u00ednium<br \/>\nAnyag - els\u0151 v\u00e1laszfal: elox\u00e1lt, kiv\u00e1l\u00f3 min\u0151s\u00e9g\u0171 alum\u00ednium<br \/>\nAnyag - egy\u00e9b v\u00e1laszfalak: elox\u00e1lt kiv\u00e1l\u00f3 min\u0151s\u00e9g\u0171 alum\u00ednium<br \/>\nSz\u00edn: arany gy\u0171r\u0171vel<br \/>\nS\u00faly: 96 g<\/p>","protected":false},"excerpt":{"rendered":"<p>A Stalon RF, egy kicsi, de nagyon hat\u00e9kony, kifejezetten pereml\u00f6ved\u00e9kekhez kifejlesztett el\u00fcls\u0151 hangtomp\u00edt\u00f3. A mind\u00f6ssze 31,5 mm \u00e1tm\u00e9r\u0151j\u0171, 96 g-os, nagyon kis t\u00f6meg\u0171 \u00e9s kiv\u00e1l\u00f3, ak\u00e1r -29,9 dBc zajcs\u00f6kkent\u0151 k\u00e9pess\u00e9g\u00e9vel kiv\u00e1l\u00f3 v\u00e1laszt\u00e1s kis kaliber\u0171 pusk\u00e1khoz \u00e9s pisztolyokhoz. Ak\u00e1r lass\u00fa, kis l\u0151poros kaliber\u0171, mint a .22LR (szubszonikus), ak\u00e1r a gyors magnum kaliber\u0171 .22WMR, a Stalon RF hangtomp\u00edt\u00f3 k\u00f6zel azonos m\u00e9rt\u00e9kben cs\u00f6kkenti a zajt. Gyakorlatilag ez azt jelenti, hogy minden kis kaliber\u0171 pusk\u00e1hoz \u00e9s pisztolyhoz csak egyf\u00e9le hangtomp\u00edt\u00f3 modellre van sz\u00fcks\u00e9g, ami az apr\u00f3 Stalon igazi el\u0151nye.<\/p>","protected":false},"featured_media":11258,"template":"","meta":{"_gspb_post_css":""},"product_brand":[],"product_cat":[2139,2113,2107,1820],"product_tag":[],"class_list":{"0":"post-15024","1":"product","2":"type-product","3":"status-publish","4":"has-post-thumbnail","6":"product_cat-rf","7":"product_cat-stalon","8":"product_cat-tlmice-zbrane-b-c","9":"product_cat-zbrane-b-c","11":"first","12":"instock","13":"taxable","14":"shipping-taxable","15":"purchasable","16":"product-type-simple"},"ct_brands":[],"_links":{"self":[{"href":"https:\/\/zbranebudai.sk\/hu\/wp-json\/wp\/v2\/product\/15024","targetHints":{"allow":["GET"]}}],"collection":[{"href":"https:\/\/zbranebudai.sk\/hu\/wp-json\/wp\/v2\/product"}],"about":[{"href":"https:\/\/zbranebudai.sk\/hu\/wp-json\/wp\/v2\/types\/product"}],"wp:featuredmedia":[{"embeddable":true,"href":"https:\/\/zbranebudai.sk\/hu\/wp-json\/wp\/v2\/media\/11258"}],"wp:attachment":[{"href":"https:\/\/zbranebudai.sk\/hu\/wp-json\/wp\/v2\/media?parent=15024"}],"wp:term":[{"taxonomy":"product_brand","embeddable":true,"href":"https:\/\/zbranebudai.sk\/hu\/wp-json\/wp\/v2\/product_brand?post=15024"},{"taxonomy":"product_cat","embeddable":true,"href":"https:\/\/zbranebudai.sk\/hu\/wp-json\/wp\/v2\/product_cat?post=15024"},{"taxonomy":"product_tag","embeddable":true,"href":"https:\/\/zbranebudai.sk\/hu\/wp-json\/wp\/v2\/product_tag?post=15024"}],"curies":[{"name":"wp","href":"https:\/\/api.w.org\/{rel}","templated":true}]}}