{"id":15021,"date":"2025-02-17T17:58:18","date_gmt":"2025-02-17T15:58:18","guid":{"rendered":"https:\/\/zbranebudai.sk\/product\/stalon-victor-l-1-2-28-max-kal-223\/"},"modified":"2026-04-01T23:40:03","modified_gmt":"2026-04-01T21:40:03","slug":"stalon-victor-l-1-2-28-max-cal-223","status":"publish","type":"product","link":"https:\/\/zbranebudai.sk\/hu\/product\/stalon-victor-l-1-2-28-max-kal-223\/","title":{"rendered":"Stalon VICTOR L, 1\/2-28, max. kal. .223"},"content":{"rendered":"<p>VICTOR sorozat<\/p>\n<p>A VICTOR sorozat k\u00e9t egyedi, k\u00fcl\u00f6nb\u00f6z\u0151 hossz\u00fas\u00e1g\u00fa, s\u00faly\u00fa \u00e9s teljes\u00edtm\u00e9ny\u0171 modellb\u0151l \u00e1ll. Mindk\u00e9t modell k\u00f6z\u00f6s jellemz\u0151je a v\u00e9kony kialak\u00edt\u00e1s (d= 41 mm), a k\u00f6nny\u0171 s\u00faly \u00e9s a m\u00e9ret\u00fckh\u00f6z k\u00e9pest kiv\u00e1l\u00f3 hangcsillap\u00edt\u00e1s. A VICTOR hangtomp\u00edt\u00f3k massz\u00edv fel\u00e9p\u00edt\u00e9se nem teszi lehet\u0151v\u00e9 a kaliber vagy a menetek megv\u00e1ltoztat\u00e1s\u00e1t, \u00edgy azok nem cser\u00e9lhet\u0151k vagy kombin\u00e1lhat\u00f3k. Cser\u00e9be m\u00e9ret\u00fckh\u00f6z k\u00e9pest jobb \u00e1ltal\u00e1nos teljes\u00edtm\u00e9nyt ny\u00fajtanak. \u00c1ltal\u00e1noss\u00e1gban elmondhat\u00f3, hogy a VICTOR sorozat ide\u00e1lis v\u00e1laszt\u00e1s kisebb \u00e9s szabv\u00e1nyos kaliberekhez, mint p\u00e9ld\u00e1ul a 6,5 CD, .243 WIN vagy .223 REM.\u00a0<\/p>\n<p>PARAM\u00c9TEREK:<\/p>\n<p>Maxim\u00e1lis kaliber: .223<br \/>\nMax. Cs\u0151\u00e1tm\u00e9r\u0151: 22,5 mm<br \/>\nZajcsillap\u00edt\u00e1s: -32,5 dBc (0,308)<br \/>\n\u00c1tm\u00e9r\u0151: 41 mm<br \/>\nHossz: 258 mm (\u00fcl\u0151hely 95 mm \/ cs\u0151hosszabb\u00edt\u00e1s 163 mm)<br \/>\nAnyag - test: elox\u00e1lt, kiv\u00e1l\u00f3 min\u0151s\u00e9g\u0171 alum\u00ednium<br \/>\nAnyag - menet: rozsdamentes ac\u00e9l<br \/>\nAnyag - els\u0151 terel\u0151lap: rozsdamentes ac\u00e9l<br \/>\nAnyag - egy\u00e9b v\u00e1laszfalak: elox\u00e1lt kiv\u00e1l\u00f3 min\u0151s\u00e9g\u0171 alum\u00ednium<br \/>\nSz\u00edn: arany gy\u0171r\u0171vel a h\u00e1tulj\u00e1n<br \/>\nS\u00faly: 325 g<\/p>","protected":false},"excerpt":{"rendered":"<p>A Stalon VICTOR L egy v\u00e9kony kialak\u00edt\u00e1s\u00fa, kis t\u00f6meg\u0171 (mind\u00f6ssze 325 g) \u00e9s a m\u00e9rethez k\u00e9pest oszt\u00e1lyels\u0151 teljes\u00edtm\u00e9ny\u0171 (-32,5 dBc) hangtomp\u00edt\u00f3. A teleszk\u00f3pos kialak\u00edt\u00e1s (a cs\u0151 felett) biztos\u00edtja a fegyver jobb egyens\u00faly\u00e1t. Ide\u00e1lis azok sz\u00e1m\u00e1ra, akiknek csendes, v\u00e9kony \u00e9s k\u00f6nny\u0171 fegyverre van sz\u00fcks\u00e9g\u00fck.<\/p>","protected":false},"featured_media":11252,"template":"","meta":{"_gspb_post_css":""},"product_brand":[],"product_cat":[2113,2107,2114,1820],"product_tag":[],"class_list":{"0":"post-15021","1":"product","2":"type-product","3":"status-publish","4":"has-post-thumbnail","6":"product_cat-stalon","7":"product_cat-tlmice-zbrane-b-c","8":"product_cat-victor","9":"product_cat-zbrane-b-c","11":"first","12":"instock","13":"taxable","14":"shipping-taxable","15":"purchasable","16":"product-type-simple"},"ct_brands":[],"_links":{"self":[{"href":"https:\/\/zbranebudai.sk\/hu\/wp-json\/wp\/v2\/product\/15021","targetHints":{"allow":["GET"]}}],"collection":[{"href":"https:\/\/zbranebudai.sk\/hu\/wp-json\/wp\/v2\/product"}],"about":[{"href":"https:\/\/zbranebudai.sk\/hu\/wp-json\/wp\/v2\/types\/product"}],"wp:featuredmedia":[{"embeddable":true,"href":"https:\/\/zbranebudai.sk\/hu\/wp-json\/wp\/v2\/media\/11252"}],"wp:attachment":[{"href":"https:\/\/zbranebudai.sk\/hu\/wp-json\/wp\/v2\/media?parent=15021"}],"wp:term":[{"taxonomy":"product_brand","embeddable":true,"href":"https:\/\/zbranebudai.sk\/hu\/wp-json\/wp\/v2\/product_brand?post=15021"},{"taxonomy":"product_cat","embeddable":true,"href":"https:\/\/zbranebudai.sk\/hu\/wp-json\/wp\/v2\/product_cat?post=15021"},{"taxonomy":"product_tag","embeddable":true,"href":"https:\/\/zbranebudai.sk\/hu\/wp-json\/wp\/v2\/product_tag?post=15021"}],"curies":[{"name":"wp","href":"https:\/\/api.w.org\/{rel}","templated":true}]}}