{"id":15014,"date":"2025-02-17T17:58:18","date_gmt":"2025-02-17T15:58:18","guid":{"rendered":"https:\/\/zbranebudai.sk\/product\/ustova-brzda-sako-tikka-d22-5-8x24-slim-h237\/"},"modified":"2026-04-30T10:23:20","modified_gmt":"2026-04-30T08:23:20","slug":"szajfek-sako-tikka-d22-5-8x24-slim-h237","status":"publish","type":"product","link":"https:\/\/zbranebudai.sk\/hu\/product\/ustova-brzda-sako-tikka-d22-5-8x24-slim-h237\/","title":{"rendered":"\u00dctk\u00f6z\u0151f\u00e9k Sako\/Tikka D22, 5\/8\u00d724, Slim H237"},"content":{"rendered":"","protected":false},"excerpt":{"rendered":"<p>22 mm \u00e1tm\u00e9r\u0151j\u0171 cs\u00f6vekhez, max. kaliber: 7,8 mm\/.30<\/p>","protected":false},"featured_media":11226,"template":"","meta":{"_gspb_post_css":""},"product_brand":[],"product_cat":[1821,1855,1854,1970,1820],"product_tag":[],"class_list":{"0":"post-15014","1":"product","2":"type-product","3":"status-publish","4":"has-post-thumbnail","6":"product_cat-gulovnice-zbrane-b-c","7":"product_cat-prislusenstvo-tikka","8":"product_cat-tikka","9":"product_cat-ustove-brzdy-prislusenstvo-tikka","10":"product_cat-zbrane-b-c","12":"first","13":"outofstock","14":"taxable","15":"shipping-taxable","16":"purchasable","17":"product-type-simple"},"ct_brands":[],"_links":{"self":[{"href":"https:\/\/zbranebudai.sk\/hu\/wp-json\/wp\/v2\/product\/15014","targetHints":{"allow":["GET"]}}],"collection":[{"href":"https:\/\/zbranebudai.sk\/hu\/wp-json\/wp\/v2\/product"}],"about":[{"href":"https:\/\/zbranebudai.sk\/hu\/wp-json\/wp\/v2\/types\/product"}],"wp:featuredmedia":[{"embeddable":true,"href":"https:\/\/zbranebudai.sk\/hu\/wp-json\/wp\/v2\/media\/11226"}],"wp:attachment":[{"href":"https:\/\/zbranebudai.sk\/hu\/wp-json\/wp\/v2\/media?parent=15014"}],"wp:term":[{"taxonomy":"product_brand","embeddable":true,"href":"https:\/\/zbranebudai.sk\/hu\/wp-json\/wp\/v2\/product_brand?post=15014"},{"taxonomy":"product_cat","embeddable":true,"href":"https:\/\/zbranebudai.sk\/hu\/wp-json\/wp\/v2\/product_cat?post=15014"},{"taxonomy":"product_tag","embeddable":true,"href":"https:\/\/zbranebudai.sk\/hu\/wp-json\/wp\/v2\/product_tag?post=15014"}],"curies":[{"name":"wp","href":"https:\/\/api.w.org\/{rel}","templated":true}]}}