{"id":15007,"date":"2025-02-17T17:58:17","date_gmt":"2025-02-17T15:58:17","guid":{"rendered":"https:\/\/zbranebudai.sk\/product\/sipy-nxg-carbon-30-spine-400-3ks\/"},"modified":"2026-05-14T16:26:23","modified_gmt":"2026-05-14T14:26:23","slug":"nxg-carbon-30-gerinc-400-3db","status":"publish","type":"product","link":"https:\/\/zbranebudai.sk\/hu\/product\/sipy-nxg-carbon-30-spine-400-3ks\/","title":{"rendered":"Nyilak NXG Carbon 30\u2033 gerinc 400, 3db"},"content":{"rendered":"<p>PARAM\u00c9TEREK:<\/p>\n<p>Hossz: 30\u2033 \/ 762 mm\u00a0<br \/>\nGerinc (merevs\u00e9g ): 400<br \/>\nAnyag: Sz\u00e9n<br \/>\nS\u00faly: 25 g<\/p>","protected":false},"excerpt":{"rendered":"<p>Levehet\u0151 hegy\u0171 \u00edj ny\u00edlvessz\u0151k. 3 db a csomagban.<\/p>","protected":false},"featured_media":11196,"template":"","meta":{"_gspb_post_css":""},"product_brand":[],"product_cat":[1973,1850,2089,1824],"product_tag":[],"class_list":{"0":"post-15007","1":"product","2":"type-product","3":"status-publish","4":"has-post-thumbnail","6":"product_cat-luky","7":"product_cat-mechanicke-zbrane","8":"product_cat-sipy-pre-luky","9":"product_cat-zbrane-18-d","11":"first","12":"instock","13":"taxable","14":"shipping-taxable","15":"purchasable","16":"product-type-simple"},"ct_brands":[],"_links":{"self":[{"href":"https:\/\/zbranebudai.sk\/hu\/wp-json\/wp\/v2\/product\/15007","targetHints":{"allow":["GET"]}}],"collection":[{"href":"https:\/\/zbranebudai.sk\/hu\/wp-json\/wp\/v2\/product"}],"about":[{"href":"https:\/\/zbranebudai.sk\/hu\/wp-json\/wp\/v2\/types\/product"}],"wp:featuredmedia":[{"embeddable":true,"href":"https:\/\/zbranebudai.sk\/hu\/wp-json\/wp\/v2\/media\/11196"}],"wp:attachment":[{"href":"https:\/\/zbranebudai.sk\/hu\/wp-json\/wp\/v2\/media?parent=15007"}],"wp:term":[{"taxonomy":"product_brand","embeddable":true,"href":"https:\/\/zbranebudai.sk\/hu\/wp-json\/wp\/v2\/product_brand?post=15007"},{"taxonomy":"product_cat","embeddable":true,"href":"https:\/\/zbranebudai.sk\/hu\/wp-json\/wp\/v2\/product_cat?post=15007"},{"taxonomy":"product_tag","embeddable":true,"href":"https:\/\/zbranebudai.sk\/hu\/wp-json\/wp\/v2\/product_tag?post=15007"}],"curies":[{"name":"wp","href":"https:\/\/api.w.org\/{rel}","templated":true}]}}