{"id":15006,"date":"2025-02-17T17:58:17","date_gmt":"2025-02-17T15:58:17","guid":{"rendered":"https:\/\/zbranebudai.sk\/product\/tikka-t3x-lite-veil-wideland-lh-kal-300winmag-ss-fl-3rd-mb-h294-24-3in-mt5-8-24\/"},"modified":"2026-04-23T07:39:17","modified_gmt":"2026-04-23T05:39:17","slug":"tikka-t3x-lite-fatyol-wideland-lh-kal-300winmag-ss-fl-3-mb-h294-24-3in-mt5-8-24","status":"publish","type":"product","link":"https:\/\/zbranebudai.sk\/hu\/product\/tikka-t3x-lite-veil-wideland-lh-kal-300winmag-ss-fl-3rd-mb-h294-24-3in-mt5-8-24\/","title":{"rendered":"Tikka T3x Lite Veil Wideland LH, cal. .300WinMag. (SS FL 3rd MB H294 24.3in MT5\/8-24)"},"content":{"rendered":"<p>PARAM\u00c9TEREK:<\/p>\n<p>Cs\u0151hossz: 617 mm (24.3 in)<br \/>\nTeljes hossz: 1132 mm<br \/>\nT\u00e1lcakapacit\u00e1s: 3<br \/>\nCs\u0151oszt\u00e1s: 1:11<br \/>\nPicatinny s\u00edn: Nem<br \/>\n\u00cdg\u00e9ret: Szintetikus<br \/>\nA hord\u00f3: CERAKOTE \u00c9JFEKETE BRONZ<br \/>\nS\u00faly: 3,2 kg<\/p>","protected":false},"excerpt":{"rendered":"<p>A T3x Lite Veil Wideland t\u00f6k\u00e9letes t\u00e1rs az eg\u00e9sz napos erdei vad\u00e1szatokhoz, ahol k\u00fcl\u00f6n\u00f6sen a k\u00f6nny\u0171 s\u00faly\u00e1t fogja \u00e9rt\u00e9kelni. Az egyedi CERAKOTE MIDNIGHT BRONZE kivitel\u0171 csatorn\u00e1zott cs\u0151 fokozza az id\u0151j\u00e1r\u00e1s\u00e1ll\u00f3s\u00e1got, \u00e9s a CAMO kivitel\u0171 \u00e9s egyedi z\u00e1r\u00f3form\u00e1j\u00fa cs\u0151vel egy\u00fctt eredeti diz\u00e1jndarabot alkot. Tartalmaz egy fesz\u00edt\u0151f\u00e9ket a visszar\u00fag\u00e1s cs\u00f6kkent\u00e9se \u00e9rdek\u00e9ben.<\/p>","protected":false},"featured_media":11194,"template":"","meta":{"_gspb_post_css":""},"product_brand":[],"product_cat":[1821,1955,2037,1854,1861,1820],"product_tag":[],"class_list":{"0":"post-15006","1":"product","2":"type-product","3":"status-publish","4":"has-post-thumbnail","6":"product_cat-gulovnice-zbrane-b-c","7":"product_cat-t3x-lite-series","8":"product_cat-t3x-lite-veil","9":"product_cat-tikka","10":"product_cat-tikka-t3x","11":"product_cat-zbrane-b-c","13":"first","14":"outofstock","15":"taxable","16":"shipping-taxable","17":"purchasable","18":"product-type-simple"},"ct_brands":[],"_links":{"self":[{"href":"https:\/\/zbranebudai.sk\/hu\/wp-json\/wp\/v2\/product\/15006","targetHints":{"allow":["GET"]}}],"collection":[{"href":"https:\/\/zbranebudai.sk\/hu\/wp-json\/wp\/v2\/product"}],"about":[{"href":"https:\/\/zbranebudai.sk\/hu\/wp-json\/wp\/v2\/types\/product"}],"wp:featuredmedia":[{"embeddable":true,"href":"https:\/\/zbranebudai.sk\/hu\/wp-json\/wp\/v2\/media\/11194"}],"wp:attachment":[{"href":"https:\/\/zbranebudai.sk\/hu\/wp-json\/wp\/v2\/media?parent=15006"}],"wp:term":[{"taxonomy":"product_brand","embeddable":true,"href":"https:\/\/zbranebudai.sk\/hu\/wp-json\/wp\/v2\/product_brand?post=15006"},{"taxonomy":"product_cat","embeddable":true,"href":"https:\/\/zbranebudai.sk\/hu\/wp-json\/wp\/v2\/product_cat?post=15006"},{"taxonomy":"product_tag","embeddable":true,"href":"https:\/\/zbranebudai.sk\/hu\/wp-json\/wp\/v2\/product_tag?post=15006"}],"curies":[{"name":"wp","href":"https:\/\/api.w.org\/{rel}","templated":true}]}}