{"id":15004,"date":"2025-02-17T17:58:17","date_gmt":"2025-02-17T15:58:17","guid":{"rendered":"https:\/\/zbranebudai.sk\/product\/tikka-t3x-tac-a1-kal-308win-ns-10rd-fs-cb-mb-24in-mt5-8-24\/"},"modified":"2026-04-30T10:21:13","modified_gmt":"2026-04-30T08:21:13","slug":"tikka-t3x-tac-a1-kal-308win-ns-10rd-fs-cb-mb-24in-mt5-8-24","status":"publish","type":"product","link":"https:\/\/zbranebudai.sk\/hu\/product\/tikka-t3x-tac-a1-kal-308win-ns-10rd-fs-cb-mb-24in-mt5-8-24\/","title":{"rendered":"Tikka T3x TAC A1, cal. .308Win. (NS 10rd FS CB CB MB 24in MT5\/8-24)"},"content":{"rendered":"<p>PARAM\u00c9TEREK:<\/p>\n<p>Cs\u0151hossz: 600 mm (23.7\u2033)<br \/>\nTeljes hossz: 1115 mm<br \/>\nA tart\u00e1ly kapacit\u00e1sa: 10\u00a0<br \/>\nHord\u00f3 oszt\u00e1s: 1:10<br \/>\nPicatinny s\u00edn: 0 moa<br \/>\nA hord\u00f3: ac\u00e9l: Feket\u00e9re festett ac\u00e9l<br \/>\n\u00cdg\u00e9ret: COYOTE BROWN, alum\u00ednium, \u00f6sszecsukhat\u00f3, COYOTE BROWN<br \/>\nS\u00faly: 4,7 kg<\/p>","protected":false},"excerpt":{"rendered":"<p>Ebben az \u00e1rkateg\u00f3ri\u00e1ban m\u00e9g soha nem volt olyan puska, amely megfelel a legszigor\u00fabb min\u0151s\u00e9gi k\u00f6vetelm\u00e9nyeknek a p\u00e1ratlan t\u00e1vols\u00e1gi pontoss\u00e1g \u00e9rdek\u00e9ben. Az \u00faj T3x TACT A1 a legjobb v\u00e1laszt\u00e1s a kateg\u00f3ri\u00e1j\u00e1ban, \u00e9s t\u00f6k\u00e9letes eszk\u00f6z minden sportl\u00f6v\u0151 sz\u00e1m\u00e1ra.<\/p>","protected":false},"featured_media":11174,"template":"","meta":{"_gspb_post_css":""},"product_brand":[],"product_cat":[1821,1872,1854,1861,1820],"product_tag":[],"class_list":{"0":"post-15004","1":"product","2":"type-product","3":"status-publish","4":"has-post-thumbnail","6":"product_cat-gulovnice-zbrane-b-c","7":"product_cat-t3x-tact-a1","8":"product_cat-tikka","9":"product_cat-tikka-t3x","10":"product_cat-zbrane-b-c","12":"first","13":"instock","14":"taxable","15":"shipping-taxable","16":"purchasable","17":"product-type-simple"},"ct_brands":[],"_links":{"self":[{"href":"https:\/\/zbranebudai.sk\/hu\/wp-json\/wp\/v2\/product\/15004","targetHints":{"allow":["GET"]}}],"collection":[{"href":"https:\/\/zbranebudai.sk\/hu\/wp-json\/wp\/v2\/product"}],"about":[{"href":"https:\/\/zbranebudai.sk\/hu\/wp-json\/wp\/v2\/types\/product"}],"wp:featuredmedia":[{"embeddable":true,"href":"https:\/\/zbranebudai.sk\/hu\/wp-json\/wp\/v2\/media\/11174"}],"wp:attachment":[{"href":"https:\/\/zbranebudai.sk\/hu\/wp-json\/wp\/v2\/media?parent=15004"}],"wp:term":[{"taxonomy":"product_brand","embeddable":true,"href":"https:\/\/zbranebudai.sk\/hu\/wp-json\/wp\/v2\/product_brand?post=15004"},{"taxonomy":"product_cat","embeddable":true,"href":"https:\/\/zbranebudai.sk\/hu\/wp-json\/wp\/v2\/product_cat?post=15004"},{"taxonomy":"product_tag","embeddable":true,"href":"https:\/\/zbranebudai.sk\/hu\/wp-json\/wp\/v2\/product_tag?post=15004"}],"curies":[{"name":"wp","href":"https:\/\/api.w.org\/{rel}","templated":true}]}}