{"id":15002,"date":"2025-02-17T17:58:16","date_gmt":"2025-02-17T15:58:16","guid":{"rendered":"https:\/\/zbranebudai.sk\/product\/diely-pre-spustovy-mechanizmus-s-napinacikom-tikka-t3x\/"},"modified":"2026-04-09T02:15:54","modified_gmt":"2026-04-09T00:15:54","slug":"tikka-t3x-kioldoszerkezethez-valo-alkatreszek-feszitovel","status":"publish","type":"product","link":"https:\/\/zbranebudai.sk\/hu\/product\/diely-pre-spustovy-mechanizmus-s-napinacikom-tikka-t3x\/","title":{"rendered":"Tikka T3x fesz\u00edt\u0151vel ell\u00e1tott ravaszmechanizmus alkatr\u00e9szei"},"content":{"rendered":"<p>A kiold\u00f3szerkezet beszerel\u00e9s\u00e9t csak a SAKO Kft. \u00e1ltal k\u00e9pzett fegyverkov\u00e1csunk vagy szakk\u00e9pzett fegyverkov\u00e1cs v\u00e9gezheti el szakszer\u0171en \u00e9s \u00fagy, hogy az ne legyen elferd\u00edtve. FIGYELMEZTET\u00c9S! Biztons\u00e1gi okokb\u00f3l ne pr\u00f3b\u00e1lja meg a ravasz ellen\u00e1ll\u00e1s\u00e1t 10N (1kg\/2lb) al\u00e1 cs\u00f6kkenteni. Az els\u00fct\u00e9si ellen\u00e1ll\u00e1s gy\u00e1rilag el\u0151re be van \u00e1ll\u00edtva. Az els\u00fct\u0151kar manipul\u00e1l\u00e1sa befoly\u00e1solhatja a fegyver megfelel\u0151 m\u0171k\u00f6d\u00e9s\u00e9t! Ne v\u00e1ltoztassa meg a felh\u00faz\u00e1si ellen\u00e1ll\u00e1st!<\/p>","protected":false},"excerpt":{"rendered":"<p>2x csavar + 1x rug\u00f3<\/p>","protected":false},"featured_media":11170,"template":"","meta":{"_gspb_post_css":""},"product_brand":[],"product_cat":[1821,1855,1854,1820],"product_tag":[],"class_list":{"0":"post-15002","1":"product","2":"type-product","3":"status-publish","4":"has-post-thumbnail","6":"product_cat-gulovnice-zbrane-b-c","7":"product_cat-prislusenstvo-tikka","8":"product_cat-tikka","9":"product_cat-zbrane-b-c","11":"first","12":"outofstock","13":"taxable","14":"shipping-taxable","15":"purchasable","16":"product-type-simple"},"ct_brands":[],"_links":{"self":[{"href":"https:\/\/zbranebudai.sk\/hu\/wp-json\/wp\/v2\/product\/15002","targetHints":{"allow":["GET"]}}],"collection":[{"href":"https:\/\/zbranebudai.sk\/hu\/wp-json\/wp\/v2\/product"}],"about":[{"href":"https:\/\/zbranebudai.sk\/hu\/wp-json\/wp\/v2\/types\/product"}],"wp:featuredmedia":[{"embeddable":true,"href":"https:\/\/zbranebudai.sk\/hu\/wp-json\/wp\/v2\/media\/11170"}],"wp:attachment":[{"href":"https:\/\/zbranebudai.sk\/hu\/wp-json\/wp\/v2\/media?parent=15002"}],"wp:term":[{"taxonomy":"product_brand","embeddable":true,"href":"https:\/\/zbranebudai.sk\/hu\/wp-json\/wp\/v2\/product_brand?post=15002"},{"taxonomy":"product_cat","embeddable":true,"href":"https:\/\/zbranebudai.sk\/hu\/wp-json\/wp\/v2\/product_cat?post=15002"},{"taxonomy":"product_tag","embeddable":true,"href":"https:\/\/zbranebudai.sk\/hu\/wp-json\/wp\/v2\/product_tag?post=15002"}],"curies":[{"name":"wp","href":"https:\/\/api.w.org\/{rel}","templated":true}]}}