{"id":15001,"date":"2025-02-17T17:58:16","date_gmt":"2025-02-17T15:58:16","guid":{"rendered":"https:\/\/zbranebudai.sk\/product\/parallel-pin-2m6x16-st-kolik\/"},"modified":"2026-04-16T04:56:58","modified_gmt":"2026-04-16T02:56:58","slug":"parhuzamos-csap-2m6x16-st-kolik","status":"publish","type":"product","link":"https:\/\/zbranebudai.sk\/hu\/product\/parallel-pin-2m6x16-st-kolik\/","title":{"rendered":"P\u00e1rhuzamos pin 2m6x16-St (pin)"},"content":{"rendered":"","protected":false},"excerpt":{"rendered":"<p>Az S3321521 t\u00e1roz\u00f3 leereszt\u0151 egys\u00e9g r\u00e9sze.<\/p>","protected":false},"featured_media":11168,"template":"","meta":{"_gspb_post_css":""},"product_brand":[],"product_cat":[1821,1855,1854,2227,1820],"product_tag":[],"class_list":{"0":"post-15001","1":"product","2":"type-product","3":"status-publish","4":"has-post-thumbnail","6":"product_cat-gulovnice-zbrane-b-c","7":"product_cat-prislusenstvo-tikka","8":"product_cat-tikka","9":"product_cat-zasobniky-prislusenstvo-tikka","10":"product_cat-zbrane-b-c","12":"first","13":"instock","14":"taxable","15":"shipping-taxable","16":"purchasable","17":"product-type-simple"},"ct_brands":[],"_links":{"self":[{"href":"https:\/\/zbranebudai.sk\/hu\/wp-json\/wp\/v2\/product\/15001","targetHints":{"allow":["GET"]}}],"collection":[{"href":"https:\/\/zbranebudai.sk\/hu\/wp-json\/wp\/v2\/product"}],"about":[{"href":"https:\/\/zbranebudai.sk\/hu\/wp-json\/wp\/v2\/types\/product"}],"wp:featuredmedia":[{"embeddable":true,"href":"https:\/\/zbranebudai.sk\/hu\/wp-json\/wp\/v2\/media\/11168"}],"wp:attachment":[{"href":"https:\/\/zbranebudai.sk\/hu\/wp-json\/wp\/v2\/media?parent=15001"}],"wp:term":[{"taxonomy":"product_brand","embeddable":true,"href":"https:\/\/zbranebudai.sk\/hu\/wp-json\/wp\/v2\/product_brand?post=15001"},{"taxonomy":"product_cat","embeddable":true,"href":"https:\/\/zbranebudai.sk\/hu\/wp-json\/wp\/v2\/product_cat?post=15001"},{"taxonomy":"product_tag","embeddable":true,"href":"https:\/\/zbranebudai.sk\/hu\/wp-json\/wp\/v2\/product_tag?post=15001"}],"curies":[{"name":"wp","href":"https:\/\/api.w.org\/{rel}","templated":true}]}}