{"id":15000,"date":"2025-02-17T17:58:16","date_gmt":"2025-02-17T15:58:16","guid":{"rendered":"https:\/\/zbranebudai.sk\/product\/krytka-zavitu-ustia-hlavne-sako-tikka-5-8-24-nerez\/"},"modified":"2026-04-02T00:18:03","modified_gmt":"2026-04-01T22:18:03","slug":"sapka-a-tikka-5-8-24-rozsdamentes-acelbol-keszult-csofedelhez-a-tikka-5-8-24-kabatcsohoz","status":"publish","type":"product","link":"https:\/\/zbranebudai.sk\/hu\/product\/krytka-zavitu-ustia-hlavne-sako-tikka-5-8-24-nerez\/","title":{"rendered":"SAKO\/TIKKA, 5\/8-24 - rozsdamentes ac\u00e9lb\u00f3l k\u00e9sz\u00fclt cs\u0151menetes kupak"},"content":{"rendered":"","protected":false},"excerpt":{"rendered":"<p>Cs\u0151menetes bor\u00edt\u00e1s T3x\/T3 Compact Tactical Rifle MT5\/8-24 rozsdamentes ac\u00e9lhoz<\/p>","protected":false},"featured_media":11164,"template":"","meta":{"_gspb_post_css":""},"product_brand":[],"product_cat":[1821,1981,1928,1822,1820],"product_tag":[],"class_list":{"0":"post-15000","1":"product","2":"type-product","3":"status-publish","4":"has-post-thumbnail","6":"product_cat-gulovnice-zbrane-b-c","7":"product_cat-nd-prislusenstvo-sako","8":"product_cat-prislusenstvo-sako","9":"product_cat-sako","10":"product_cat-zbrane-b-c","12":"first","13":"outofstock","14":"taxable","15":"shipping-taxable","16":"purchasable","17":"product-type-simple"},"ct_brands":[],"_links":{"self":[{"href":"https:\/\/zbranebudai.sk\/hu\/wp-json\/wp\/v2\/product\/15000","targetHints":{"allow":["GET"]}}],"collection":[{"href":"https:\/\/zbranebudai.sk\/hu\/wp-json\/wp\/v2\/product"}],"about":[{"href":"https:\/\/zbranebudai.sk\/hu\/wp-json\/wp\/v2\/types\/product"}],"wp:featuredmedia":[{"embeddable":true,"href":"https:\/\/zbranebudai.sk\/hu\/wp-json\/wp\/v2\/media\/11164"}],"wp:attachment":[{"href":"https:\/\/zbranebudai.sk\/hu\/wp-json\/wp\/v2\/media?parent=15000"}],"wp:term":[{"taxonomy":"product_brand","embeddable":true,"href":"https:\/\/zbranebudai.sk\/hu\/wp-json\/wp\/v2\/product_brand?post=15000"},{"taxonomy":"product_cat","embeddable":true,"href":"https:\/\/zbranebudai.sk\/hu\/wp-json\/wp\/v2\/product_cat?post=15000"},{"taxonomy":"product_tag","embeddable":true,"href":"https:\/\/zbranebudai.sk\/hu\/wp-json\/wp\/v2\/product_tag?post=15000"}],"curies":[{"name":"wp","href":"https:\/\/api.w.org\/{rel}","templated":true}]}}