{"id":14998,"date":"2025-02-17T17:58:15","date_gmt":"2025-02-17T15:58:15","guid":{"rendered":"https:\/\/zbranebudai.sk\/product\/udernik-pre-tippmann-m4-22-af01330\/"},"modified":"2026-04-30T10:19:16","modified_gmt":"2026-04-30T08:19:16","slug":"lyukaszto-tippmann-m4-22-af01330","status":"publish","type":"product","link":"https:\/\/zbranebudai.sk\/hu\/product\/udernik-pre-tippmann-m4-22-af01330\/","title":{"rendered":"\u00dctk\u00f6z\u0151 a Tippmann M4-22-hez (AF01330)"},"content":{"rendered":"","protected":false},"excerpt":{"rendered":"","protected":false},"featured_media":11148,"template":"","meta":{"_gspb_post_css":""},"product_brand":[],"product_cat":[1864,2137,2083,1820],"product_tag":[],"class_list":{"0":"post-14998","1":"product","2":"type-product","3":"status-publish","4":"has-post-thumbnail","6":"product_cat-pistole-zbrane-b-c","7":"product_cat-prislusenstvo-tippmann-tippmann-arms-pistole-zbrane-b-c","8":"product_cat-tippmann-arms-pistole-zbrane-b-c","9":"product_cat-zbrane-b-c","11":"first","12":"instock","13":"taxable","14":"shipping-taxable","15":"purchasable","16":"product-type-simple"},"ct_brands":[],"_links":{"self":[{"href":"https:\/\/zbranebudai.sk\/hu\/wp-json\/wp\/v2\/product\/14998","targetHints":{"allow":["GET"]}}],"collection":[{"href":"https:\/\/zbranebudai.sk\/hu\/wp-json\/wp\/v2\/product"}],"about":[{"href":"https:\/\/zbranebudai.sk\/hu\/wp-json\/wp\/v2\/types\/product"}],"wp:featuredmedia":[{"embeddable":true,"href":"https:\/\/zbranebudai.sk\/hu\/wp-json\/wp\/v2\/media\/11148"}],"wp:attachment":[{"href":"https:\/\/zbranebudai.sk\/hu\/wp-json\/wp\/v2\/media?parent=14998"}],"wp:term":[{"taxonomy":"product_brand","embeddable":true,"href":"https:\/\/zbranebudai.sk\/hu\/wp-json\/wp\/v2\/product_brand?post=14998"},{"taxonomy":"product_cat","embeddable":true,"href":"https:\/\/zbranebudai.sk\/hu\/wp-json\/wp\/v2\/product_cat?post=14998"},{"taxonomy":"product_tag","embeddable":true,"href":"https:\/\/zbranebudai.sk\/hu\/wp-json\/wp\/v2\/product_tag?post=14998"}],"curies":[{"name":"wp","href":"https:\/\/api.w.org\/{rel}","templated":true}]}}