{"id":14987,"date":"2025-02-17T17:58:14","date_gmt":"2025-02-17T15:58:14","guid":{"rendered":"https:\/\/zbranebudai.sk\/product\/clona-nad-hlaven-pre-tikka-t3-t3x-tac\/"},"modified":"2026-04-09T02:18:24","modified_gmt":"2026-04-09T00:18:24","slug":"napellenzo-a-tikka-t3-t3x-tac-hoz","status":"publish","type":"product","link":"https:\/\/zbranebudai.sk\/hu\/product\/clona-nad-hlaven-pre-tikka-t3-t3x-tac\/","title":{"rendered":"Csuklya a Tikka T3\/T3x TAC-hoz"},"content":{"rendered":"","protected":false},"excerpt":{"rendered":"<p>Fekete rugalmas parav\u00e1n f\u00e9m v\u00e9gfoganty\u00fakkal. A cs\u0151 f\u00f6l\u00e9 szerelhet\u0151. Arra szolg\u00e1l, hogy a forr\u00f3 cs\u0151b\u0151l a remeg\u0151 leveg\u0151t elt\u00e9r\u00edtse a c\u00e9lt\u00e1vcs\u0151 l\u00e1t\u00f3mezej\u00e9b\u0151l.<\/p>","protected":false},"featured_media":11124,"template":"","meta":{"_gspb_post_css":""},"product_brand":[],"product_cat":[1821,1855,1854,1820],"product_tag":[],"class_list":{"0":"post-14987","1":"product","2":"type-product","3":"status-publish","4":"has-post-thumbnail","6":"product_cat-gulovnice-zbrane-b-c","7":"product_cat-prislusenstvo-tikka","8":"product_cat-tikka","9":"product_cat-zbrane-b-c","11":"first","12":"instock","13":"taxable","14":"shipping-taxable","15":"purchasable","16":"product-type-simple"},"ct_brands":[],"_links":{"self":[{"href":"https:\/\/zbranebudai.sk\/hu\/wp-json\/wp\/v2\/product\/14987","targetHints":{"allow":["GET"]}}],"collection":[{"href":"https:\/\/zbranebudai.sk\/hu\/wp-json\/wp\/v2\/product"}],"about":[{"href":"https:\/\/zbranebudai.sk\/hu\/wp-json\/wp\/v2\/types\/product"}],"wp:featuredmedia":[{"embeddable":true,"href":"https:\/\/zbranebudai.sk\/hu\/wp-json\/wp\/v2\/media\/11124"}],"wp:attachment":[{"href":"https:\/\/zbranebudai.sk\/hu\/wp-json\/wp\/v2\/media?parent=14987"}],"wp:term":[{"taxonomy":"product_brand","embeddable":true,"href":"https:\/\/zbranebudai.sk\/hu\/wp-json\/wp\/v2\/product_brand?post=14987"},{"taxonomy":"product_cat","embeddable":true,"href":"https:\/\/zbranebudai.sk\/hu\/wp-json\/wp\/v2\/product_cat?post=14987"},{"taxonomy":"product_tag","embeddable":true,"href":"https:\/\/zbranebudai.sk\/hu\/wp-json\/wp\/v2\/product_tag?post=14987"}],"curies":[{"name":"wp","href":"https:\/\/api.w.org\/{rel}","templated":true}]}}