{"id":14983,"date":"2025-02-17T17:58:14","date_gmt":"2025-02-17T15:58:14","guid":{"rendered":"https:\/\/zbranebudai.sk\/product\/sako-s20-hunter-fusion-kal-308win-ns-h237-std-5rd-fl-24in-mt5-8-24\/"},"modified":"2026-04-16T04:56:21","modified_gmt":"2026-04-16T02:56:21","slug":"zako-s20-hunter-fusion-kal-308win-ns-h237-std-5rd-fl-24in-mt5-8-24","status":"publish","type":"product","link":"https:\/\/zbranebudai.sk\/hu\/product\/sako-s20-hunter-fusion-kal-308win-ns-h237-std-5rd-fl-24in-mt5-8-24\/","title":{"rendered":"S20 Hunter Fusion kab\u00e1t, cal. .308Win. (NS H237 STD 5rd FL 24in MT5\/8-24)"},"content":{"rendered":"<p>PARAM\u00c9TEREK:<\/p>\n<p>Cs\u0151hossz: 610 mm (24 in)<br \/>\nCs\u0151\u00e1tm\u00e9r\u0151: 18 mm<br \/>\nTeljes hossz: 1142 mm<br \/>\nT\u00e1lcakapacit\u00e1s: 5<br \/>\nCs\u0151oszt\u00e1s: 1:11<br \/>\nPicatinny s\u00edn: Igen<br \/>\nA hord\u00f3: Tungsten cerakote<br \/>\nK\u00e9szlet: f\u00fazi\u00f3s, szintetikus<br \/>\nS\u00faly: 3,8 kg<\/p>","protected":false},"excerpt":{"rendered":"<p>A n\u00e9pszer\u0171 Sako S20 \u00faj FUSION sz\u00edn\u00f6ssze\u00e1ll\u00edt\u00e1sban \u00e9rkezik, \u00e9s plusz b\u00f3nuszk\u00e9nt egy fesz\u00edt\u0151f\u00e9k is j\u00e1r hozz\u00e1 a csomagban. A vad\u00e1szok \u00e9s sportl\u00f6v\u0151k kedvenc pusk\u00e1ja. A modul\u00e1ris fel\u00e9p\u00edt\u00e9s alkalmazkodik a v\u00e1ltoz\u00f3 \u00e9letm\u00f3dhoz, \u00edgy az S20 egy igaz\u00e1n el\u0151remutat\u00f3 fegyver a lelkes l\u00f6v\u00e9sz sz\u00e1m\u00e1ra, aki minden helyzetben kontrollt akar. A ravasz ellen\u00e1ll\u00e1sa 1 \u00e9s 2 kg k\u00f6z\u00f6tt \u00e1ll\u00edthat\u00f3. Az els\u00fct\u0151 ravasz cs\u00faszka 7 mm-es tartom\u00e1nyban \u00e1ll\u00edthat\u00f3.<\/p>","protected":false},"featured_media":11110,"template":"","meta":{"_gspb_post_css":""},"product_brand":[],"product_cat":[1821,2231,1822,2024,2025,1820],"product_tag":[],"class_list":{"0":"post-14983","1":"product","2":"type-product","3":"status-publish","4":"has-post-thumbnail","6":"product_cat-gulovnice-zbrane-b-c","7":"product_cat-s20-hunter-fusion-sako-s20-hunter","8":"product_cat-sako","9":"product_cat-sako-s20","10":"product_cat-sako-s20-hunter","11":"product_cat-zbrane-b-c","13":"first","14":"outofstock","15":"taxable","16":"shipping-taxable","17":"purchasable","18":"product-type-simple"},"ct_brands":[],"_links":{"self":[{"href":"https:\/\/zbranebudai.sk\/hu\/wp-json\/wp\/v2\/product\/14983","targetHints":{"allow":["GET"]}}],"collection":[{"href":"https:\/\/zbranebudai.sk\/hu\/wp-json\/wp\/v2\/product"}],"about":[{"href":"https:\/\/zbranebudai.sk\/hu\/wp-json\/wp\/v2\/types\/product"}],"wp:featuredmedia":[{"embeddable":true,"href":"https:\/\/zbranebudai.sk\/hu\/wp-json\/wp\/v2\/media\/11110"}],"wp:attachment":[{"href":"https:\/\/zbranebudai.sk\/hu\/wp-json\/wp\/v2\/media?parent=14983"}],"wp:term":[{"taxonomy":"product_brand","embeddable":true,"href":"https:\/\/zbranebudai.sk\/hu\/wp-json\/wp\/v2\/product_brand?post=14983"},{"taxonomy":"product_cat","embeddable":true,"href":"https:\/\/zbranebudai.sk\/hu\/wp-json\/wp\/v2\/product_cat?post=14983"},{"taxonomy":"product_tag","embeddable":true,"href":"https:\/\/zbranebudai.sk\/hu\/wp-json\/wp\/v2\/product_tag?post=14983"}],"curies":[{"name":"wp","href":"https:\/\/api.w.org\/{rel}","templated":true}]}}