{"id":14973,"date":"2025-02-17T17:58:13","date_gmt":"2025-02-17T15:58:13","guid":{"rendered":"https:\/\/zbranebudai.sk\/product\/ruger-lcp-max-13716-kal-380-auto\/"},"modified":"2026-04-16T04:13:04","modified_gmt":"2026-04-16T02:13:04","slug":"ruger-lcp-max-13716-cal-380-auto","status":"publish","type":"product","link":"https:\/\/zbranebudai.sk\/hu\/product\/ruger-lcp-max-13716-kal-380-auto\/","title":{"rendered":"Ruger LCP MAX 13716, kal. .380 AUTO"},"content":{"rendered":"<p>PARAM\u00c9TEREK:<\/p>\n<p>A tart\u00e1ly kapacit\u00e1sa: 10<br \/>\nCs\u0151hossz: 71 mm (2.8\u2033)<br \/>\nSz\u00e9less\u00e9g: 20 mm<br \/>\nMagass\u00e1g: 105 mm<br \/>\nTeljes hossz: 131 mm<br \/>\nA cs\u0151 furat\u00e1nak oszt\u00e1sa: 1:16\u2033 RH<br \/>\nS\u00faly: 300 g<\/p>","protected":false},"excerpt":{"rendered":"<p>Ruger LCP MAX 13716, k\u00f6nny\u0171, mikro-kompakt, polimer v\u00e1zzal \u00e9s 10 tekercses, lapos alj\u00fa t\u00e1rral (12 tekercses, hosszabb\u00edtott t\u00e1r is kaphat\u00f3). U alak\u00fa c\u00e9lt\u00e1bla \u00e9s tr\u00edciumos feh\u00e9r k\u00f6rvonal\u00fa retikula. K\u00e9tkezes t\u00e1rkiold\u00f3. Tov\u00e1bbfejlesztett t\u00e1radagol\u00f3 \u00e9lek, \u00faj kivon\u00f3szerkezet. A szabadalmaztatott cs\u0151reteszes kialak\u00edt\u00e1s lass\u00edtja a cs\u00faszda mozg\u00e1s\u00e1t, k\u00e9slelteti a kiold\u00e1st \u00e9s jelent\u0151sen cs\u00f6kkenti a visszar\u00fag\u00e1st m\u00e1s .380 Auto kaliber\u0171 pisztolyokhoz k\u00e9pest. Tartalmazza a nejlon tokot, a gyorst\u00f6lt\u0151t, a meghosszabb\u00edtott t\u00e1ralapot \u00e9s a fegyverz\u00e1rat.<\/p>","protected":false},"featured_media":11088,"template":"","meta":{"_gspb_post_css":""},"product_brand":[],"product_cat":[2132,1864,1877,1820],"product_tag":[],"class_list":{"0":"post-14973","1":"product","2":"type-product","3":"status-publish","4":"has-post-thumbnail","6":"product_cat-lcp-max","7":"product_cat-pistole-zbrane-b-c","8":"product_cat-ruger-pistole-zbrane-b-c","9":"product_cat-zbrane-b-c","11":"first","12":"outofstock","13":"taxable","14":"shipping-taxable","15":"purchasable","16":"product-type-simple"},"ct_brands":[],"_links":{"self":[{"href":"https:\/\/zbranebudai.sk\/hu\/wp-json\/wp\/v2\/product\/14973","targetHints":{"allow":["GET"]}}],"collection":[{"href":"https:\/\/zbranebudai.sk\/hu\/wp-json\/wp\/v2\/product"}],"about":[{"href":"https:\/\/zbranebudai.sk\/hu\/wp-json\/wp\/v2\/types\/product"}],"wp:featuredmedia":[{"embeddable":true,"href":"https:\/\/zbranebudai.sk\/hu\/wp-json\/wp\/v2\/media\/11088"}],"wp:attachment":[{"href":"https:\/\/zbranebudai.sk\/hu\/wp-json\/wp\/v2\/media?parent=14973"}],"wp:term":[{"taxonomy":"product_brand","embeddable":true,"href":"https:\/\/zbranebudai.sk\/hu\/wp-json\/wp\/v2\/product_brand?post=14973"},{"taxonomy":"product_cat","embeddable":true,"href":"https:\/\/zbranebudai.sk\/hu\/wp-json\/wp\/v2\/product_cat?post=14973"},{"taxonomy":"product_tag","embeddable":true,"href":"https:\/\/zbranebudai.sk\/hu\/wp-json\/wp\/v2\/product_tag?post=14973"}],"curies":[{"name":"wp","href":"https:\/\/api.w.org\/{rel}","templated":true}]}}