{"id":14967,"date":"2025-02-17T17:58:11","date_gmt":"2025-02-17T15:58:11","guid":{"rendered":"https:\/\/zbranebudai.sk\/product\/nastavitelna-ustova-brzda-stalon-1-2-28-max-762mm\/"},"modified":"2026-05-14T15:40:25","modified_gmt":"2026-05-14T13:40:25","slug":"allithato-ajakfek-stalon-1-2-28-max-762mm","status":"publish","type":"product","link":"https:\/\/zbranebudai.sk\/hu\/product\/nastavitelna-ustova-brzda-stalon-1-2-28-max-762mm\/","title":{"rendered":"Stalon 1\/2-28 \u00e1ll\u00edthat\u00f3 von\u00f3f\u00e9k, max. 7,62mm"},"content":{"rendered":"","protected":false},"excerpt":{"rendered":"<p>Fekete ac\u00e9l fesz\u00edt\u0151f\u00e9k harminc menetes furattal. A csomag h\u00e9t dug\u00f3t tartalmaz, amelyeket a lyukakba lehet csavarni, hogy befoly\u00e1solni lehessen az ut\u00f3lagos g\u00e1zok ir\u00e1ny\u00e1t. Ide\u00e1lis 18 mm-es cs\u00f6vekhez.<\/p>","protected":false},"featured_media":11076,"template":"","meta":{"_gspb_post_css":""},"product_brand":[],"product_cat":[2131,2113,2107,1820],"product_tag":[],"class_list":{"0":"post-14967","1":"product","2":"type-product","3":"status-publish","4":"has-post-thumbnail","6":"product_cat-prislusenstvo-stalon","7":"product_cat-stalon","8":"product_cat-tlmice-zbrane-b-c","9":"product_cat-zbrane-b-c","11":"first","12":"instock","13":"taxable","14":"shipping-taxable","15":"purchasable","16":"product-type-simple"},"ct_brands":[],"_links":{"self":[{"href":"https:\/\/zbranebudai.sk\/hu\/wp-json\/wp\/v2\/product\/14967","targetHints":{"allow":["GET"]}}],"collection":[{"href":"https:\/\/zbranebudai.sk\/hu\/wp-json\/wp\/v2\/product"}],"about":[{"href":"https:\/\/zbranebudai.sk\/hu\/wp-json\/wp\/v2\/types\/product"}],"wp:featuredmedia":[{"embeddable":true,"href":"https:\/\/zbranebudai.sk\/hu\/wp-json\/wp\/v2\/media\/11076"}],"wp:attachment":[{"href":"https:\/\/zbranebudai.sk\/hu\/wp-json\/wp\/v2\/media?parent=14967"}],"wp:term":[{"taxonomy":"product_brand","embeddable":true,"href":"https:\/\/zbranebudai.sk\/hu\/wp-json\/wp\/v2\/product_brand?post=14967"},{"taxonomy":"product_cat","embeddable":true,"href":"https:\/\/zbranebudai.sk\/hu\/wp-json\/wp\/v2\/product_cat?post=14967"},{"taxonomy":"product_tag","embeddable":true,"href":"https:\/\/zbranebudai.sk\/hu\/wp-json\/wp\/v2\/product_tag?post=14967"}],"curies":[{"name":"wp","href":"https:\/\/api.w.org\/{rel}","templated":true}]}}