{"id":14962,"date":"2025-02-17T17:58:11","date_gmt":"2025-02-17T15:58:11","guid":{"rendered":"https:\/\/zbranebudai.sk\/product\/stalon-mazivo-na-zavit-25g\/"},"modified":"2026-04-23T07:36:17","modified_gmt":"2026-04-23T05:36:17","slug":"stalon-wrap-kenoanyag-25g","status":"publish","type":"product","link":"https:\/\/zbranebudai.sk\/hu\/product\/stalon-mazivo-na-zavit-25g\/","title":{"rendered":"Stalon menetes ken\u0151anyag, 25g"},"content":{"rendered":"","protected":false},"excerpt":{"rendered":"<p>Stalon hangtomp\u00edt\u00f3 zs\u00edr, 25g. Keni \u00e9s v\u00e9di a cs\u0151 \u00e9s a hangtomp\u00edt\u00f3 menet\u00e9t.<\/p>","protected":false},"featured_media":11066,"template":"","meta":{"_gspb_post_css":""},"product_brand":[],"product_cat":[2131,2113,2107,1820],"product_tag":[],"class_list":{"0":"post-14962","1":"product","2":"type-product","3":"status-publish","4":"has-post-thumbnail","6":"product_cat-prislusenstvo-stalon","7":"product_cat-stalon","8":"product_cat-tlmice-zbrane-b-c","9":"product_cat-zbrane-b-c","11":"first","12":"instock","13":"taxable","14":"shipping-taxable","15":"purchasable","16":"product-type-simple"},"ct_brands":[],"_links":{"self":[{"href":"https:\/\/zbranebudai.sk\/hu\/wp-json\/wp\/v2\/product\/14962","targetHints":{"allow":["GET"]}}],"collection":[{"href":"https:\/\/zbranebudai.sk\/hu\/wp-json\/wp\/v2\/product"}],"about":[{"href":"https:\/\/zbranebudai.sk\/hu\/wp-json\/wp\/v2\/types\/product"}],"wp:featuredmedia":[{"embeddable":true,"href":"https:\/\/zbranebudai.sk\/hu\/wp-json\/wp\/v2\/media\/11066"}],"wp:attachment":[{"href":"https:\/\/zbranebudai.sk\/hu\/wp-json\/wp\/v2\/media?parent=14962"}],"wp:term":[{"taxonomy":"product_brand","embeddable":true,"href":"https:\/\/zbranebudai.sk\/hu\/wp-json\/wp\/v2\/product_brand?post=14962"},{"taxonomy":"product_cat","embeddable":true,"href":"https:\/\/zbranebudai.sk\/hu\/wp-json\/wp\/v2\/product_cat?post=14962"},{"taxonomy":"product_tag","embeddable":true,"href":"https:\/\/zbranebudai.sk\/hu\/wp-json\/wp\/v2\/product_tag?post=14962"}],"curies":[{"name":"wp","href":"https:\/\/api.w.org\/{rel}","templated":true}]}}