{"id":14958,"date":"2025-02-17T17:58:10","date_gmt":"2025-02-17T15:58:10","guid":{"rendered":"https:\/\/zbranebudai.sk\/product\/prechodova-krytka-stalon-x-series-18mm-konicka\/"},"modified":"2026-04-09T02:14:56","modified_gmt":"2026-04-09T00:14:56","slug":"atmeneti-sapka-stalon-x-sorozat-18mm","status":"publish","type":"product","link":"https:\/\/zbranebudai.sk\/hu\/product\/prechodova-krytka-stalon-x-series-18mm-konicka\/","title":{"rendered":"\u00c1tmeneti sapka Stalon X-sorozat, 18mm, k\u00fapos, k\u00fapos"},"content":{"rendered":"","protected":false},"excerpt":{"rendered":"<p>K\u00fapos hord\u00f3tart\u00f3, X-sorozat, 18mm<\/p>","protected":false},"featured_media":11058,"template":"","meta":{"_gspb_post_css":""},"product_brand":[],"product_cat":[2131,2113,2107,1820],"product_tag":[],"class_list":{"0":"post-14958","1":"product","2":"type-product","3":"status-publish","4":"has-post-thumbnail","6":"product_cat-prislusenstvo-stalon","7":"product_cat-stalon","8":"product_cat-tlmice-zbrane-b-c","9":"product_cat-zbrane-b-c","11":"first","12":"instock","13":"taxable","14":"shipping-taxable","15":"purchasable","16":"product-type-simple"},"ct_brands":[],"_links":{"self":[{"href":"https:\/\/zbranebudai.sk\/hu\/wp-json\/wp\/v2\/product\/14958","targetHints":{"allow":["GET"]}}],"collection":[{"href":"https:\/\/zbranebudai.sk\/hu\/wp-json\/wp\/v2\/product"}],"about":[{"href":"https:\/\/zbranebudai.sk\/hu\/wp-json\/wp\/v2\/types\/product"}],"wp:featuredmedia":[{"embeddable":true,"href":"https:\/\/zbranebudai.sk\/hu\/wp-json\/wp\/v2\/media\/11058"}],"wp:attachment":[{"href":"https:\/\/zbranebudai.sk\/hu\/wp-json\/wp\/v2\/media?parent=14958"}],"wp:term":[{"taxonomy":"product_brand","embeddable":true,"href":"https:\/\/zbranebudai.sk\/hu\/wp-json\/wp\/v2\/product_brand?post=14958"},{"taxonomy":"product_cat","embeddable":true,"href":"https:\/\/zbranebudai.sk\/hu\/wp-json\/wp\/v2\/product_cat?post=14958"},{"taxonomy":"product_tag","embeddable":true,"href":"https:\/\/zbranebudai.sk\/hu\/wp-json\/wp\/v2\/product_tag?post=14958"}],"curies":[{"name":"wp","href":"https:\/\/api.w.org\/{rel}","templated":true}]}}