{"id":14954,"date":"2025-02-17T17:58:10","date_gmt":"2025-02-17T15:58:10","guid":{"rendered":"https:\/\/zbranebudai.sk\/product\/hlaven-xd-m-4-5-9x19-so-zavitom\/"},"modified":"2026-04-16T05:23:53","modified_gmt":"2026-04-16T03:23:53","slug":"cso-xd-m-4-5-9x19-csavart-csovel","status":"publish","type":"product","link":"https:\/\/zbranebudai.sk\/hu\/product\/hlaven-xd-m-4-5-9x19-so-zavitom\/","title":{"rendered":"XD-M 4,5\u2033 9\u00d719-es menetes cs\u0151"},"content":{"rendered":"","protected":false},"excerpt":{"rendered":"<p>Menetes cs\u0151 az XD-M \/ SF19-hez, 4,5\u2033 cs\u0151hossz\u00fas\u00e1g\u00fa, cal. 9\u00d719. (No.3\/482456-02A\/XD-M 4,5\u2033-es menetes cs\u0151)<\/p>","protected":false},"featured_media":11036,"template":"","meta":{"_gspb_post_css":""},"product_brand":[],"product_cat":[2078,1864,2043,2033,1820],"product_tag":[],"class_list":{"0":"post-14954","1":"product","2":"type-product","3":"status-publish","4":"has-post-thumbnail","6":"product_cat-nahradne-diely-prislusenstvo-springfield-armory","7":"product_cat-pistole-zbrane-b-c","8":"product_cat-prislusenstvo-springfield-armory","9":"product_cat-springfield-armory-hs-produkt","10":"product_cat-zbrane-b-c","12":"first","13":"instock","14":"taxable","15":"shipping-taxable","16":"purchasable","17":"product-type-simple"},"ct_brands":[],"_links":{"self":[{"href":"https:\/\/zbranebudai.sk\/hu\/wp-json\/wp\/v2\/product\/14954","targetHints":{"allow":["GET"]}}],"collection":[{"href":"https:\/\/zbranebudai.sk\/hu\/wp-json\/wp\/v2\/product"}],"about":[{"href":"https:\/\/zbranebudai.sk\/hu\/wp-json\/wp\/v2\/types\/product"}],"wp:featuredmedia":[{"embeddable":true,"href":"https:\/\/zbranebudai.sk\/hu\/wp-json\/wp\/v2\/media\/11036"}],"wp:attachment":[{"href":"https:\/\/zbranebudai.sk\/hu\/wp-json\/wp\/v2\/media?parent=14954"}],"wp:term":[{"taxonomy":"product_brand","embeddable":true,"href":"https:\/\/zbranebudai.sk\/hu\/wp-json\/wp\/v2\/product_brand?post=14954"},{"taxonomy":"product_cat","embeddable":true,"href":"https:\/\/zbranebudai.sk\/hu\/wp-json\/wp\/v2\/product_cat?post=14954"},{"taxonomy":"product_tag","embeddable":true,"href":"https:\/\/zbranebudai.sk\/hu\/wp-json\/wp\/v2\/product_tag?post=14954"}],"curies":[{"name":"wp","href":"https:\/\/api.w.org\/{rel}","templated":true}]}}