{"id":14953,"date":"2025-02-17T17:58:10","date_gmt":"2025-02-17T15:58:10","guid":{"rendered":"https:\/\/zbranebudai.sk\/product\/ruger-hawkeye-long-range-47184-target-kal-65-creedmoor\/"},"modified":"2026-04-16T03:46:58","modified_gmt":"2026-04-16T01:46:58","slug":"ruger-hawkeye-long-range-47184-celpont-kal-65-creedmoor","status":"publish","type":"product","link":"https:\/\/zbranebudai.sk\/hu\/product\/ruger-hawkeye-long-range-47184-target-kal-65-creedmoor\/","title":{"rendered":"Ruger Hawkeye Long-Range 47184 Target, cal. 6.5 Creedmoor"},"content":{"rendered":"<p>Kiadva egy Nov\u00e9 Mesto n. V\u00e1hom-i \u00fczleti partnern\u00e9l<\/p>\n<p>PARAM\u00c9TEREK:<\/p>\n<p>Cs\u0151hossz: 660 mm (26 in)<br \/>\nTeljes hossz: 1194-1242 mm<br \/>\nA tart\u00e1ly kapacit\u00e1sa: 10<br \/>\nA cs\u0151 furat\u00e1nak oszt\u00e1sa: 1:8\u2033 RH (5 horony)<br \/>\nPicatinny s\u00edn: 20 MOA<br \/>\nA hord\u00f3: Fekete: matt fekete<br \/>\n\u00cdg\u00e9ret: Szintetikus pettyezett fekete\/barna lamin\u00e1lt<br \/>\nS\u00faly: 4,99 kg<\/p>","protected":false},"excerpt":{"rendered":"<p>Ruger Hawkeye Long-Range Target, cal. 6.5 Creedmoor, 66 cm (26 h\u00fcvelyk) hossz\u00fa, szabadon lebeg\u0151, hidegen kov\u00e1csolt 4140-es kr\u00f3mozott ac\u00e9lcs\u0151vel \u00e9s egyed\u00fcl\u00e1ll\u00f3, k\u00e9t fokozatban \u00e1ll\u00edthat\u00f3 ravasszal. Picatinny s\u00edn 20 MOA a nagyobb magass\u00e1gi lehet\u0151s\u00e9gekhez nagy t\u00e1vols\u00e1gokra. Ruger Precision \u00ae Rifle Hybrid Recoil Brake, hat\u00e9konyan cs\u00f6kkenti a visszar\u00fag\u00e1st, minimaliz\u00e1lja a zajt \u00e9s az oldalir\u00e1ny\u00fa mozg\u00e1st. Stock mind hosszir\u00e1nyban, mind f\u00fcgg\u0151legesen \u00e1ll\u00edthat\u00f3 orrpof\u00e1val. H\u00e1rom\u00e1ll\u00e1s\u00fa, k\u00f6nnyen hozz\u00e1f\u00e9rhet\u0151 biztos\u00edt\u00e9k lehet\u0151v\u00e9 teszi a l\u00f6v\u00e9sz sz\u00e1m\u00e1ra, hogy a cs\u00fasz\u00f3t lez\u00e1rja, vagy a pusk\u00e1t be- \u00e9s kirakja a biztos\u00edt\u00e9k bekapcsol\u00e1s\u00e1val. 3\"-os cs\u0151vel \u00e9s kett\u0151s m\u0171k\u00f6d\u00e9s\u0171 ravaszzal ell\u00e1tott Ruger GP100 1715 revolver rozsdamentes ac\u00e9lb\u00f3l. A k\u00e9nyelmes fekete gumi markolat k\u00f6nnyen levehet\u0151, \u00e9s m\u00e1s markolattal, vagy egyedi markolattal cser\u00e9lhet\u0151.<\/p>","protected":false},"featured_media":11028,"template":"","meta":{"_gspb_post_css":""},"product_brand":[],"product_cat":[1821,2130,1837,1820],"product_tag":[],"class_list":{"0":"post-14953","1":"product","2":"type-product","3":"status-publish","4":"has-post-thumbnail","6":"product_cat-gulovnice-zbrane-b-c","7":"product_cat-hawkeye","8":"product_cat-ruger","9":"product_cat-zbrane-b-c","11":"first","12":"instock","13":"taxable","14":"shipping-taxable","15":"purchasable","16":"product-type-simple"},"ct_brands":[],"_links":{"self":[{"href":"https:\/\/zbranebudai.sk\/hu\/wp-json\/wp\/v2\/product\/14953","targetHints":{"allow":["GET"]}}],"collection":[{"href":"https:\/\/zbranebudai.sk\/hu\/wp-json\/wp\/v2\/product"}],"about":[{"href":"https:\/\/zbranebudai.sk\/hu\/wp-json\/wp\/v2\/types\/product"}],"wp:featuredmedia":[{"embeddable":true,"href":"https:\/\/zbranebudai.sk\/hu\/wp-json\/wp\/v2\/media\/11028"}],"wp:attachment":[{"href":"https:\/\/zbranebudai.sk\/hu\/wp-json\/wp\/v2\/media?parent=14953"}],"wp:term":[{"taxonomy":"product_brand","embeddable":true,"href":"https:\/\/zbranebudai.sk\/hu\/wp-json\/wp\/v2\/product_brand?post=14953"},{"taxonomy":"product_cat","embeddable":true,"href":"https:\/\/zbranebudai.sk\/hu\/wp-json\/wp\/v2\/product_cat?post=14953"},{"taxonomy":"product_tag","embeddable":true,"href":"https:\/\/zbranebudai.sk\/hu\/wp-json\/wp\/v2\/product_tag?post=14953"}],"curies":[{"name":"wp","href":"https:\/\/api.w.org\/{rel}","templated":true}]}}