{"id":14951,"date":"2025-02-17T17:58:09","date_gmt":"2025-02-17T15:58:09","guid":{"rendered":"https:\/\/zbranebudai.sk\/product\/puzdro-na-gulovnicu-sako-tikka-oranzova-kamuflaz\/"},"modified":"2026-04-30T10:21:13","modified_gmt":"2026-04-30T08:21:13","slug":"pisztolytaska-golyos-pisztoly-kabathoz-tikka-narancs-terepszinu","status":"publish","type":"product","link":"https:\/\/zbranebudai.sk\/hu\/product\/puzdro-na-gulovnicu-sako-tikka-oranzova-kamuflaz\/","title":{"rendered":"SAKO\/TIKKA puska tok - narancss\u00e1rga \u00e1lc\u00e1z\u00e1s"},"content":{"rendered":"","protected":false},"excerpt":{"rendered":"<p>A tok \u00e1tnevezhet\u0151 TIKKA-r\u00f3l SAKO-ra vagy ford\u00edtva. A SAKO \u00e9s TIKKA t\u00e9p\u0151z\u00e1ras tapaszok a csomag r\u00e9sz\u00e9t k\u00e9pezik.<\/p>","protected":false},"featured_media":11020,"template":"","meta":{"_gspb_post_css":""},"product_brand":[],"product_cat":[1939,1821,1928,1822,1820],"product_tag":[],"class_list":{"0":"post-14951","1":"product","2":"type-product","3":"status-publish","4":"has-post-thumbnail","6":"product_cat-doplnky-prislusenstvo-sako","7":"product_cat-gulovnice-zbrane-b-c","8":"product_cat-prislusenstvo-sako","9":"product_cat-sako","10":"product_cat-zbrane-b-c","12":"first","13":"instock","14":"taxable","15":"shipping-taxable","16":"purchasable","17":"product-type-simple"},"ct_brands":[],"_links":{"self":[{"href":"https:\/\/zbranebudai.sk\/hu\/wp-json\/wp\/v2\/product\/14951","targetHints":{"allow":["GET"]}}],"collection":[{"href":"https:\/\/zbranebudai.sk\/hu\/wp-json\/wp\/v2\/product"}],"about":[{"href":"https:\/\/zbranebudai.sk\/hu\/wp-json\/wp\/v2\/types\/product"}],"wp:featuredmedia":[{"embeddable":true,"href":"https:\/\/zbranebudai.sk\/hu\/wp-json\/wp\/v2\/media\/11020"}],"wp:attachment":[{"href":"https:\/\/zbranebudai.sk\/hu\/wp-json\/wp\/v2\/media?parent=14951"}],"wp:term":[{"taxonomy":"product_brand","embeddable":true,"href":"https:\/\/zbranebudai.sk\/hu\/wp-json\/wp\/v2\/product_brand?post=14951"},{"taxonomy":"product_cat","embeddable":true,"href":"https:\/\/zbranebudai.sk\/hu\/wp-json\/wp\/v2\/product_cat?post=14951"},{"taxonomy":"product_tag","embeddable":true,"href":"https:\/\/zbranebudai.sk\/hu\/wp-json\/wp\/v2\/product_tag?post=14951"}],"curies":[{"name":"wp","href":"https:\/\/api.w.org\/{rel}","templated":true}]}}