{"id":14950,"date":"2025-02-17T17:58:09","date_gmt":"2025-02-17T15:58:09","guid":{"rendered":"https:\/\/zbranebudai.sk\/product\/puzdro-na-gulovnicu-sako-tikka-zelena-kamuflaz\/"},"modified":"2026-05-07T13:04:29","modified_gmt":"2026-05-07T11:04:29","slug":"golyoallo-kabat-tok-tikka-zold-terepszinu","status":"publish","type":"product","link":"https:\/\/zbranebudai.sk\/hu\/product\/puzdro-na-gulovnicu-sako-tikka-zelena-kamuflaz\/","title":{"rendered":"SAKO\/TIKKA puska tok - z\u00f6ld terepsz\u00edn\u0171"},"content":{"rendered":"","protected":false},"excerpt":{"rendered":"<p>A tok \u00e1tnevezhet\u0151 TIKKA-r\u00f3l SAKO-ra vagy ford\u00edtva. A SAKO \u00e9s TIKKA t\u00e9p\u0151z\u00e1ras tapaszok a csomag r\u00e9sz\u00e9t k\u00e9pezik.<\/p>","protected":false},"featured_media":11018,"template":"","meta":{"_gspb_post_css":""},"product_brand":[],"product_cat":[1939,1821,1928,1822,1820],"product_tag":[],"class_list":{"0":"post-14950","1":"product","2":"type-product","3":"status-publish","4":"has-post-thumbnail","6":"product_cat-doplnky-prislusenstvo-sako","7":"product_cat-gulovnice-zbrane-b-c","8":"product_cat-prislusenstvo-sako","9":"product_cat-sako","10":"product_cat-zbrane-b-c","12":"first","13":"outofstock","14":"taxable","15":"shipping-taxable","16":"purchasable","17":"product-type-simple"},"ct_brands":[],"_links":{"self":[{"href":"https:\/\/zbranebudai.sk\/hu\/wp-json\/wp\/v2\/product\/14950","targetHints":{"allow":["GET"]}}],"collection":[{"href":"https:\/\/zbranebudai.sk\/hu\/wp-json\/wp\/v2\/product"}],"about":[{"href":"https:\/\/zbranebudai.sk\/hu\/wp-json\/wp\/v2\/types\/product"}],"wp:featuredmedia":[{"embeddable":true,"href":"https:\/\/zbranebudai.sk\/hu\/wp-json\/wp\/v2\/media\/11018"}],"wp:attachment":[{"href":"https:\/\/zbranebudai.sk\/hu\/wp-json\/wp\/v2\/media?parent=14950"}],"wp:term":[{"taxonomy":"product_brand","embeddable":true,"href":"https:\/\/zbranebudai.sk\/hu\/wp-json\/wp\/v2\/product_brand?post=14950"},{"taxonomy":"product_cat","embeddable":true,"href":"https:\/\/zbranebudai.sk\/hu\/wp-json\/wp\/v2\/product_cat?post=14950"},{"taxonomy":"product_tag","embeddable":true,"href":"https:\/\/zbranebudai.sk\/hu\/wp-json\/wp\/v2\/product_tag?post=14950"}],"curies":[{"name":"wp","href":"https:\/\/api.w.org\/{rel}","templated":true}]}}