{"id":14935,"date":"2025-02-17T17:58:06","date_gmt":"2025-02-17T15:58:06","guid":{"rendered":"https:\/\/zbranebudai.sk\/product\/tikka-t3x-forest-kal-30-06spr-ns-3rd-20in-mt15x1\/"},"modified":"2026-04-09T02:19:55","modified_gmt":"2026-04-09T00:19:55","slug":"tikka-t3x-forest-kal-30-06spr-ns-3rd-20in-mt15x1","status":"publish","type":"product","link":"https:\/\/zbranebudai.sk\/hu\/product\/tikka-t3x-forest-kal-30-06spr-ns-3rd-20in-mt15x1\/","title":{"rendered":"Tikka T3x Forest, cal. .30-06Spr. (NS 3rd 20in MT15x1)"},"content":{"rendered":"<p>PARAM\u00c9TEREK:<\/p>\n<p>Cs\u0151hossz: 510 mm (20 in)<br \/>\nTeljes hossz: 1021 mm<br \/>\nT\u00e1lcakapacit\u00e1s: 3<br \/>\nHord\u00f3 oszt\u00e1s: 1:10<br \/>\nPicatinny s\u00edn: Nem<br \/>\nA hord\u00f3: ac\u00e9l: Feket\u00e9re festett ac\u00e9l<br \/>\n\u00cdg\u00e9ret: F\u00e1b\u00f3l k\u00e9sz\u00fclt<br \/>\nS\u00faly: 2,9 kg<\/p>","protected":false},"excerpt":{"rendered":"<p>A Tikka T3x Forest klasszikus megjelen\u00e9se mindig leny\u0171g\u00f6z\u0151, teljes\u00edtm\u00e9nye pedig megfelel a modern kornak. A meghosszabb\u00edtott Monte Carlo orrpof\u00e1val ell\u00e1tott di\u00f3fa \u00e1llom\u00e1ny nagyobb t\u00e1maszt\u00e1st biztos\u00edt, \u00e9s optim\u00e1lis igazod\u00e1st biztos\u00edt a szem \u00e9s a c\u00e9lt\u00e1vcs\u0151 k\u00f6z\u00f6tt. A Tikka T3x Forest kiv\u00e1l\u00f3 v\u00e1laszt\u00e1s a nagyobb t\u00e1vcs\u00f6vet haszn\u00e1l\u00f3 vad\u00e1szok sz\u00e1m\u00e1ra, akiknek magasabb tart\u00f3ra van sz\u00fcks\u00e9g\u00fck.<\/p>","protected":false},"featured_media":10954,"template":"","meta":{"_gspb_post_css":""},"product_brand":[],"product_cat":[1821,1863,1854,1861,1820],"product_tag":[],"class_list":{"0":"post-14935","1":"product","2":"type-product","3":"status-publish","4":"has-post-thumbnail","6":"product_cat-gulovnice-zbrane-b-c","7":"product_cat-t3x-forest","8":"product_cat-tikka","9":"product_cat-tikka-t3x","10":"product_cat-zbrane-b-c","12":"first","13":"outofstock","14":"taxable","15":"shipping-taxable","16":"purchasable","17":"product-type-simple"},"ct_brands":[],"_links":{"self":[{"href":"https:\/\/zbranebudai.sk\/hu\/wp-json\/wp\/v2\/product\/14935","targetHints":{"allow":["GET"]}}],"collection":[{"href":"https:\/\/zbranebudai.sk\/hu\/wp-json\/wp\/v2\/product"}],"about":[{"href":"https:\/\/zbranebudai.sk\/hu\/wp-json\/wp\/v2\/types\/product"}],"wp:featuredmedia":[{"embeddable":true,"href":"https:\/\/zbranebudai.sk\/hu\/wp-json\/wp\/v2\/media\/10954"}],"wp:attachment":[{"href":"https:\/\/zbranebudai.sk\/hu\/wp-json\/wp\/v2\/media?parent=14935"}],"wp:term":[{"taxonomy":"product_brand","embeddable":true,"href":"https:\/\/zbranebudai.sk\/hu\/wp-json\/wp\/v2\/product_brand?post=14935"},{"taxonomy":"product_cat","embeddable":true,"href":"https:\/\/zbranebudai.sk\/hu\/wp-json\/wp\/v2\/product_cat?post=14935"},{"taxonomy":"product_tag","embeddable":true,"href":"https:\/\/zbranebudai.sk\/hu\/wp-json\/wp\/v2\/product_tag?post=14935"}],"curies":[{"name":"wp","href":"https:\/\/api.w.org\/{rel}","templated":true}]}}