{"id":14930,"date":"2025-02-17T17:58:06","date_gmt":"2025-02-17T15:58:06","guid":{"rendered":"https:\/\/zbranebudai.sk\/product\/pazba-magpul-moe-sl-k-ar15-m16-carbine-mil-spec-black\/"},"modified":"2026-04-09T01:02:53","modified_gmt":"2026-04-08T23:02:53","slug":"magpul-moe-sl-k-ar15-m16-karabely-mil-spec-fekete","status":"publish","type":"product","link":"https:\/\/zbranebudai.sk\/hu\/product\/pazba-magpul-moe-sl-k-ar15-m16-carbine-mil-spec-black\/","title":{"rendered":"Magpul MOE SL-K AR15\/M16 karab\u00e9ly, Mil-Spec, fekete"},"content":{"rendered":"","protected":false},"excerpt":{"rendered":"<p>A MOE SL-K Mil-Spec \u00e1llom\u00e1ny egy AR15\/M16 karab\u00e9lyokhoz haszn\u00e1lhat\u00f3, gumibakanccsal \u00e9s k\u00e9tkezes kiold\u00f3 reteszel\u00e9ssel ell\u00e1tott, kibonthat\u00f3 alternat\u00edv \u00e1llom\u00e1ny. Kompakt \u00f6nv\u00e9delmi (PDW) pusk\u00e1khoz \u00e9s olyan felhaszn\u00e1l\u00f3k sz\u00e1m\u00e1ra tervezt\u00e9k, akiknek kism\u00e9ret\u0171 \u00e9s k\u00f6nny\u0171 sz\u00e1rra van sz\u00fcks\u00e9g\u00fck. S\u00falya 0,22 kg. Kiv\u00e1l\u00f3 min\u0151s\u00e9g\u0171 \u00e9s tart\u00f3s kivitelez\u00e9s. Made in USA.<\/p>","protected":false},"featured_media":10944,"template":"","meta":{"_gspb_post_css":""},"product_brand":[],"product_cat":[1821,1838,1837,1820],"product_tag":[],"class_list":{"0":"post-14930","1":"product","2":"type-product","3":"status-publish","4":"has-post-thumbnail","6":"product_cat-gulovnice-zbrane-b-c","7":"product_cat-prislusenstvo-ruger","8":"product_cat-ruger","9":"product_cat-zbrane-b-c","11":"first","12":"instock","13":"taxable","14":"shipping-taxable","15":"purchasable","16":"product-type-simple"},"ct_brands":[],"_links":{"self":[{"href":"https:\/\/zbranebudai.sk\/hu\/wp-json\/wp\/v2\/product\/14930","targetHints":{"allow":["GET"]}}],"collection":[{"href":"https:\/\/zbranebudai.sk\/hu\/wp-json\/wp\/v2\/product"}],"about":[{"href":"https:\/\/zbranebudai.sk\/hu\/wp-json\/wp\/v2\/types\/product"}],"wp:featuredmedia":[{"embeddable":true,"href":"https:\/\/zbranebudai.sk\/hu\/wp-json\/wp\/v2\/media\/10944"}],"wp:attachment":[{"href":"https:\/\/zbranebudai.sk\/hu\/wp-json\/wp\/v2\/media?parent=14930"}],"wp:term":[{"taxonomy":"product_brand","embeddable":true,"href":"https:\/\/zbranebudai.sk\/hu\/wp-json\/wp\/v2\/product_brand?post=14930"},{"taxonomy":"product_cat","embeddable":true,"href":"https:\/\/zbranebudai.sk\/hu\/wp-json\/wp\/v2\/product_cat?post=14930"},{"taxonomy":"product_tag","embeddable":true,"href":"https:\/\/zbranebudai.sk\/hu\/wp-json\/wp\/v2\/product_tag?post=14930"}],"curies":[{"name":"wp","href":"https:\/\/api.w.org\/{rel}","templated":true}]}}