{"id":14927,"date":"2025-02-17T17:58:05","date_gmt":"2025-02-17T15:58:05","guid":{"rendered":"https:\/\/zbranebudai.sk\/product\/spojovaci-kolik-magwel-xd-m-sf19-22rd\/"},"modified":"2026-04-16T05:31:52","modified_gmt":"2026-04-16T03:31:52","slug":"magwel-xd-m-sf19-22rd","status":"publish","type":"product","link":"https:\/\/zbranebudai.sk\/hu\/product\/spojovaci-kolik-magwel-xd-m-sf19-22rd\/","title":{"rendered":"Magwel XD-M\/SF19 22rd csatlakoz\u00f3csap"},"content":{"rendered":"","protected":false},"excerpt":{"rendered":"<p>Csatlakoz\u00f3csap az XD-M\/SF19 22 t\u00f6lt\u00e9nyes t\u00e1rny\u00edl\u00e1s megn\u00f6velt sz\u00e1j\u00e1nak r\u00f6gz\u00edt\u00e9s\u00e9hez.<\/p>","protected":false},"featured_media":10936,"template":"","meta":{"_gspb_post_css":""},"product_brand":[],"product_cat":[1864,2043,2033,2230,1820],"product_tag":[],"class_list":{"0":"post-14927","1":"product","2":"type-product","3":"status-publish","4":"has-post-thumbnail","6":"product_cat-pistole-zbrane-b-c","7":"product_cat-prislusenstvo-springfield-armory","8":"product_cat-springfield-armory-hs-produkt","9":"product_cat-zasobniky-prislusenstvo-springfield-armory","10":"product_cat-zbrane-b-c","12":"first","13":"instock","14":"taxable","15":"shipping-taxable","16":"purchasable","17":"product-type-simple"},"ct_brands":[],"_links":{"self":[{"href":"https:\/\/zbranebudai.sk\/hu\/wp-json\/wp\/v2\/product\/14927","targetHints":{"allow":["GET"]}}],"collection":[{"href":"https:\/\/zbranebudai.sk\/hu\/wp-json\/wp\/v2\/product"}],"about":[{"href":"https:\/\/zbranebudai.sk\/hu\/wp-json\/wp\/v2\/types\/product"}],"wp:featuredmedia":[{"embeddable":true,"href":"https:\/\/zbranebudai.sk\/hu\/wp-json\/wp\/v2\/media\/10936"}],"wp:attachment":[{"href":"https:\/\/zbranebudai.sk\/hu\/wp-json\/wp\/v2\/media?parent=14927"}],"wp:term":[{"taxonomy":"product_brand","embeddable":true,"href":"https:\/\/zbranebudai.sk\/hu\/wp-json\/wp\/v2\/product_brand?post=14927"},{"taxonomy":"product_cat","embeddable":true,"href":"https:\/\/zbranebudai.sk\/hu\/wp-json\/wp\/v2\/product_cat?post=14927"},{"taxonomy":"product_tag","embeddable":true,"href":"https:\/\/zbranebudai.sk\/hu\/wp-json\/wp\/v2\/product_tag?post=14927"}],"curies":[{"name":"wp","href":"https:\/\/api.w.org\/{rel}","templated":true}]}}