{"id":14911,"date":"2025-02-17T17:58:03","date_gmt":"2025-02-17T15:58:03","guid":{"rendered":"https:\/\/zbranebudai.sk\/product\/zasobnik-pre-t4e-hdr-68-kal-68\/"},"modified":"2026-04-30T09:48:17","modified_gmt":"2026-04-30T07:48:17","slug":"tartaly-a-t4e-hdr-68-cal-68-hoz","status":"publish","type":"product","link":"https:\/\/zbranebudai.sk\/hu\/product\/zasobnik-pre-t4e-hdr-68-kal-68\/","title":{"rendered":"Magazin a T4E HDR 68-hoz, cal. .68"},"content":{"rendered":"","protected":false},"excerpt":{"rendered":"<p>5 l\u00f6v\u00e9ses t\u00e1r a T4E HDR 68 revolverhez.<\/p>","protected":false},"featured_media":10860,"template":"","meta":{"_gspb_post_css":""},"product_brand":[],"product_cat":[2071,1824,1828,2070],"product_tag":[],"class_list":{"0":"post-14911","1":"product","2":"type-product","3":"status-publish","4":"has-post-thumbnail","6":"product_cat-prislusenstvo-t4e","7":"product_cat-zbrane-18-d","8":"product_cat-zbrane-na-co2","9":"product_cat-zbrane-t4e","11":"first","12":"instock","13":"taxable","14":"shipping-taxable","15":"purchasable","16":"product-type-simple"},"ct_brands":[],"_links":{"self":[{"href":"https:\/\/zbranebudai.sk\/hu\/wp-json\/wp\/v2\/product\/14911","targetHints":{"allow":["GET"]}}],"collection":[{"href":"https:\/\/zbranebudai.sk\/hu\/wp-json\/wp\/v2\/product"}],"about":[{"href":"https:\/\/zbranebudai.sk\/hu\/wp-json\/wp\/v2\/types\/product"}],"wp:featuredmedia":[{"embeddable":true,"href":"https:\/\/zbranebudai.sk\/hu\/wp-json\/wp\/v2\/media\/10860"}],"wp:attachment":[{"href":"https:\/\/zbranebudai.sk\/hu\/wp-json\/wp\/v2\/media?parent=14911"}],"wp:term":[{"taxonomy":"product_brand","embeddable":true,"href":"https:\/\/zbranebudai.sk\/hu\/wp-json\/wp\/v2\/product_brand?post=14911"},{"taxonomy":"product_cat","embeddable":true,"href":"https:\/\/zbranebudai.sk\/hu\/wp-json\/wp\/v2\/product_cat?post=14911"},{"taxonomy":"product_tag","embeddable":true,"href":"https:\/\/zbranebudai.sk\/hu\/wp-json\/wp\/v2\/product_tag?post=14911"}],"curies":[{"name":"wp","href":"https:\/\/api.w.org\/{rel}","templated":true}]}}