{"id":14910,"date":"2025-02-17T17:58:03","date_gmt":"2025-02-17T15:58:03","guid":{"rendered":"https:\/\/zbranebudai.sk\/product\/tippmann-m4-22-pro-mmssa-16-with-fluted-barrel-m-lok-kal-22lr-a101132\/"},"modified":"2025-11-11T03:38:36","modified_gmt":"2025-11-11T01:38:36","slug":"tippmann-m4-22-pro-mmssa-16-m-lok-kal-22lr-a101132","status":"publish","type":"product","link":"https:\/\/zbranebudai.sk\/hu\/product\/tippmann-m4-22-pro-mmssa-16-with-fluted-barrel-m-lok-kal-22lr-a101132\/","title":{"rendered":"Tippmann M4-22 PRO MMSSA 16\u2033, cs\u00f6vezett cs\u0151vel, M-Lok, cal. .22LR (A101132)"},"content":{"rendered":"<p>Az M4-22 sorozatot k\u00f6nny\u0171 kezelhet\u0151s\u00e9g, min\u0151s\u00e9gi kivitelez\u00e9s \u00e9s teljesen alum\u00edniumb\u00f3l k\u00e9sz\u00fclt cs\u0151tart\u00f3 \u00e9s v\u00e1z jellemzi. A Mil-Spec szabv\u00e1ny biztos\u00edtja a kompatibilit\u00e1st az AR-15 platformokhoz kaphat\u00f3 legt\u00f6bb opcion\u00e1lis alkatr\u00e9sszel, c\u00e9lz\u00f3k\u00e9sz\u00fcl\u00e9kkel \u00e9s tartoz\u00e9kkal.<\/p>\n<p>PARAM\u00c9TEREK:<\/p>\n<p>Cs\u0151hossz: 406 mm (16 in)<br \/>\nMenet a hord\u00f3 sz\u00e1j\u00e1n: 1\/2 x 28<br \/>\nTeljes hossz: 794 - 876 mm<br \/>\nA tart\u00e1ly kapacit\u00e1sa: 25\u00a0<br \/>\nHord\u00f3nagys\u00e1g: 1:16<br \/>\nPicatinny s\u00edn: igen<br \/>\nRakt\u00e1rk\u00e9szlet: polimer<br \/>\nCs\u0151: feket\u00e9re festett ac\u00e9l<br \/>\nS\u00faly: 2,37 kg<\/p>\n<p>CSOMAG TARTALMA:<\/p>\n<p>1x Tippmann M4-22<br \/>\n2x polimer t\u00e1r 25 t\u00f6lt\u00e9nyre porv\u00e9d\u0151vel<br \/>\n1x fegyverz\u00e1r<br \/>\n1x z\u00e1szl\u00f3 a kamar\u00e1hoz<\/p>","protected":false},"excerpt":{"rendered":"<p>A Metal Madness Shooting Sports Association (MMSSA) sz\u00f6vets\u00e9ggel egy\u00fcttm\u0171k\u00f6dve a Tippmann egy k\u00fcl\u00f6nleges M4-22 MMSSA Competition Edition modellt hozott ki. Ez az M4-22 PRO alapj\u00e1n k\u00e9sz\u00fclt, \u00e9s gy\u00e1rilag be\u00e9p\u00edtett Elftmann Match Triggerrel, a s\u00falycs\u00f6kkent\u00e9s \u00e9rdek\u00e9ben csatorn\u00e1zott cs\u0151vel \u00e9s k\u00e9t 25 t\u00f6lt\u00e9nyes t\u00e1rral rendelkezik. Tov\u00e1bbi b\u00f3nuszk\u00e9nt az MMSSA log\u00f3t l\u00e9zergrav\u00edrozt\u00e1k a t\u00e1rny\u00edl\u00e1s alj\u00e1ra. A PRO MMSSA modell 16\u2033-es lebeg\u0151 cs\u0151vel, M-LOK r\u00f6gz\u00edt\u0151furatokkal ell\u00e1tott polimer markolattal, teleszk\u00f3pos sz\u00e1rral, valamint \u00f6sszecsukhat\u00f3 c\u00e9lz\u00f3k\u00e9sz\u00fcl\u00e9kkel \u00e9s h\u00e1ts\u00f3 ir\u00e1nyz\u00e9kkal rendelkezik.<\/p>","protected":false},"featured_media":10858,"template":"","meta":{"_gspb_post_css":""},"product_brand":[],"product_cat":[1821,2082,2081,1820],"product_tag":[],"class_list":{"0":"post-14910","1":"product","2":"type-product","3":"status-publish","4":"has-post-thumbnail","6":"product_cat-gulovnice-zbrane-b-c","7":"product_cat-gulovnice-tippmann","8":"product_cat-tippmann-arms","9":"product_cat-zbrane-b-c","11":"first","12":"outofstock","13":"taxable","14":"shipping-taxable","15":"purchasable","16":"product-type-simple"},"ct_brands":[],"_links":{"self":[{"href":"https:\/\/zbranebudai.sk\/hu\/wp-json\/wp\/v2\/product\/14910","targetHints":{"allow":["GET"]}}],"collection":[{"href":"https:\/\/zbranebudai.sk\/hu\/wp-json\/wp\/v2\/product"}],"about":[{"href":"https:\/\/zbranebudai.sk\/hu\/wp-json\/wp\/v2\/types\/product"}],"wp:featuredmedia":[{"embeddable":true,"href":"https:\/\/zbranebudai.sk\/hu\/wp-json\/wp\/v2\/media\/10858"}],"wp:attachment":[{"href":"https:\/\/zbranebudai.sk\/hu\/wp-json\/wp\/v2\/media?parent=14910"}],"wp:term":[{"taxonomy":"product_brand","embeddable":true,"href":"https:\/\/zbranebudai.sk\/hu\/wp-json\/wp\/v2\/product_brand?post=14910"},{"taxonomy":"product_cat","embeddable":true,"href":"https:\/\/zbranebudai.sk\/hu\/wp-json\/wp\/v2\/product_cat?post=14910"},{"taxonomy":"product_tag","embeddable":true,"href":"https:\/\/zbranebudai.sk\/hu\/wp-json\/wp\/v2\/product_tag?post=14910"}],"curies":[{"name":"wp","href":"https:\/\/api.w.org\/{rel}","templated":true}]}}