{"id":14909,"date":"2025-02-17T17:58:02","date_gmt":"2025-02-17T15:58:02","guid":{"rendered":"https:\/\/zbranebudai.sk\/product\/dvojnozka-spartan-sako\/"},"modified":"2026-02-07T17:43:13","modified_gmt":"2026-02-07T15:43:13","slug":"ketlabu-spartai-kabat","status":"publish","type":"product","link":"https:\/\/zbranebudai.sk\/hu\/product\/dvojnozka-spartan-sako\/","title":{"rendered":"Bipod Spartan kab\u00e1t"},"content":{"rendered":"<p>Egyszer\u0171 \u00f6sszeszerel\u00e9s: csak cser\u00e9lje ki a sz\u00edjcsavart a mell\u00e9kelt adapterre.  Ha megv\u00e1s\u00e1rolja a megfelel\u0151 adaptereket, egy bipodot t\u00f6bb pusk\u00e1n is nagyon egyszer\u0171en \u00e9s gyorsan lehet haszn\u00e1lni.<\/p>\n<p>CSOMAG TARTALMA:<\/p>\n<p>1x Bipod Spartan Jacket<br \/>\n1x adapter<\/p>","protected":false},"excerpt":{"rendered":"<p>Az ig\u00e9nyes vad\u00e1szok sz\u00e1m\u00e1ra tervezett Spartan Sako bipod kit\u0171nik kiv\u00e1l\u00f3 min\u0151s\u00e9g\u0171 kivitelez\u00e9s\u00e9vel, \u00e9s lehet\u0151v\u00e9 teszi a k\u00f6nny\u0171 \u00e9s gyors egykezes kezel\u00e9st. Kivehet\u0151 TAC rug\u00f3s l\u00e1bak kiv\u00e1l\u00f3 min\u0151s\u00e9g\u0171 sz\u00e9nsz\u00e1lb\u00f3l, \u00f6tf\u00e9le d\u0151l\u00e9ssz\u00f6g be\u00e1ll\u00edt\u00e1ssal 0\u00b0-t\u00f3l 180\u00b0-ig, a puska al\u00e1 hajthat\u00f3 lehet\u0151s\u00e9ggel. A kem\u00e9nyf\u00e9m hegyek \u00e9s a gumisapka stabil poz\u00edci\u00f3t biztos\u00edtanak a legk\u00fcl\u00f6nb\u00f6z\u0151bb fel\u00fcleteken. Tart\u00f3s, kem\u00e9nyen elox\u00e1lt 7075-T7351 alum\u00edniumszerkezet egykezes l\u0151\u00e1ll\u00e1sr\u00f6gz\u00edt\u0151 funkci\u00f3val. A Spartan Sako bipod kompatibilis a Sako S20 Precision, Sako TRG M10, TRG 22\/42 A1 \u00e9s Tikka T3x TAC A1 pusk\u00e1kkal.<\/p>","protected":false},"featured_media":10850,"template":"","meta":{"_gspb_post_css":""},"product_brand":[],"product_cat":[1942,1821,1928,1822,1820],"product_tag":[],"class_list":{"0":"post-14909","1":"product","2":"type-product","3":"status-publish","4":"has-post-thumbnail","6":"product_cat-dvojnozky","7":"product_cat-gulovnice-zbrane-b-c","8":"product_cat-prislusenstvo-sako","9":"product_cat-sako","10":"product_cat-zbrane-b-c","12":"first","13":"outofstock","14":"taxable","15":"shipping-taxable","16":"purchasable","17":"product-type-simple"},"ct_brands":[],"_links":{"self":[{"href":"https:\/\/zbranebudai.sk\/hu\/wp-json\/wp\/v2\/product\/14909","targetHints":{"allow":["GET"]}}],"collection":[{"href":"https:\/\/zbranebudai.sk\/hu\/wp-json\/wp\/v2\/product"}],"about":[{"href":"https:\/\/zbranebudai.sk\/hu\/wp-json\/wp\/v2\/types\/product"}],"wp:featuredmedia":[{"embeddable":true,"href":"https:\/\/zbranebudai.sk\/hu\/wp-json\/wp\/v2\/media\/10850"}],"wp:attachment":[{"href":"https:\/\/zbranebudai.sk\/hu\/wp-json\/wp\/v2\/media?parent=14909"}],"wp:term":[{"taxonomy":"product_brand","embeddable":true,"href":"https:\/\/zbranebudai.sk\/hu\/wp-json\/wp\/v2\/product_brand?post=14909"},{"taxonomy":"product_cat","embeddable":true,"href":"https:\/\/zbranebudai.sk\/hu\/wp-json\/wp\/v2\/product_cat?post=14909"},{"taxonomy":"product_tag","embeddable":true,"href":"https:\/\/zbranebudai.sk\/hu\/wp-json\/wp\/v2\/product_tag?post=14909"}],"curies":[{"name":"wp","href":"https:\/\/api.w.org\/{rel}","templated":true}]}}