{"id":14908,"date":"2025-02-17T17:58:02","date_gmt":"2025-02-17T15:58:02","guid":{"rendered":"https:\/\/zbranebudai.sk\/product\/zasobnikova-konverzna-sada-pre-ruger-ar-predator-kal-308win-65-creedmoor-green\/"},"modified":"2026-04-09T01:54:54","modified_gmt":"2026-04-08T23:54:54","slug":"henger-atalakito-keszlet-ruger-ar-predator-kal-308win-65-creedmoor-zold","status":"publish","type":"product","link":"https:\/\/zbranebudai.sk\/hu\/product\/zasobnikova-konverzna-sada-pre-ruger-ar-predator-kal-308win-65-creedmoor-green\/","title":{"rendered":"T\u00e1r \u00e1talak\u00edt\u00f3 k\u00e9szlet Ruger AR Predatorhoz, cal. .308Win.\/6.5 Creedmoor, z\u00f6ld"},"content":{"rendered":"","protected":false},"excerpt":{"rendered":"","protected":false},"featured_media":10848,"template":"","meta":{"_gspb_post_css":""},"product_brand":[],"product_cat":[1821,1838,1837,1820],"product_tag":[],"class_list":{"0":"post-14908","1":"product","2":"type-product","3":"status-publish","4":"has-post-thumbnail","6":"product_cat-gulovnice-zbrane-b-c","7":"product_cat-prislusenstvo-ruger","8":"product_cat-ruger","9":"product_cat-zbrane-b-c","11":"first","12":"outofstock","13":"taxable","14":"shipping-taxable","15":"purchasable","16":"product-type-simple"},"ct_brands":[],"_links":{"self":[{"href":"https:\/\/zbranebudai.sk\/hu\/wp-json\/wp\/v2\/product\/14908","targetHints":{"allow":["GET"]}}],"collection":[{"href":"https:\/\/zbranebudai.sk\/hu\/wp-json\/wp\/v2\/product"}],"about":[{"href":"https:\/\/zbranebudai.sk\/hu\/wp-json\/wp\/v2\/types\/product"}],"wp:featuredmedia":[{"embeddable":true,"href":"https:\/\/zbranebudai.sk\/hu\/wp-json\/wp\/v2\/media\/10848"}],"wp:attachment":[{"href":"https:\/\/zbranebudai.sk\/hu\/wp-json\/wp\/v2\/media?parent=14908"}],"wp:term":[{"taxonomy":"product_brand","embeddable":true,"href":"https:\/\/zbranebudai.sk\/hu\/wp-json\/wp\/v2\/product_brand?post=14908"},{"taxonomy":"product_cat","embeddable":true,"href":"https:\/\/zbranebudai.sk\/hu\/wp-json\/wp\/v2\/product_cat?post=14908"},{"taxonomy":"product_tag","embeddable":true,"href":"https:\/\/zbranebudai.sk\/hu\/wp-json\/wp\/v2\/product_tag?post=14908"}],"curies":[{"name":"wp","href":"https:\/\/api.w.org\/{rel}","templated":true}]}}