{"id":14904,"date":"2025-02-17T17:58:02","date_gmt":"2025-02-17T15:58:02","guid":{"rendered":"https:\/\/zbranebudai.sk\/product\/ruger-ec9s-13201-kal-9mm-luger\/"},"modified":"2026-04-16T03:34:57","modified_gmt":"2026-04-16T01:34:57","slug":"ruger-ec9s-13201-cal-9mm-luger","status":"publish","type":"product","link":"https:\/\/zbranebudai.sk\/hu\/product\/ruger-ec9s-13201-kal-9mm-luger\/","title":{"rendered":"Ruger EC9s 13201, cal. 9mm Luger"},"content":{"rendered":"<p>PARAM\u00c9TEREK:<\/p>\n<p>T\u00e1lcakapacit\u00e1s: 7<br \/>\nCs\u0151hossz: 79 mm (3.12\u2033)<br \/>\nSz\u00e9less\u00e9g: 23 mm<br \/>\nMagass\u00e1g: 114 mm<br \/>\nTeljes hossz: 152 mm<br \/>\nA cs\u0151 furat\u00e1nak oszt\u00e1sa: 1:10\u2033 RH<br \/>\nS\u00faly: 488 g<\/p>","protected":false},"excerpt":{"rendered":"<p>A Ruger EC9s egy v\u00e9kony, k\u00f6nny\u0171 \u00e9s kompakt pisztoly szem\u00e9lyi v\u00e9delemre cal. 9mm Luger, csak kicsivel nagyobb, mint a n\u00e9pszer\u0171 \u00e9s hihetetlen\u00fcl kompakt Ruger LCP. K\u00f6nny\u0171 \u00e9s \u00e9les ravaszh\u00faz\u00e1s a gyorsabb \u00e9s pontosabb l\u00f6v\u00e9s \u00e9rdek\u00e9ben. A cs\u00faszka fix c\u00e9lz\u00f3k\u00e9sz\u00fcl\u00e9kkel van ell\u00e1tva. K\u00e9zi biztos\u00edt\u00e9k \u00e9s integr\u00e1lt ravaszbiztos\u00edt\u00e1s a tov\u00e1bbi biztons\u00e1g \u00e9rdek\u00e9ben. Kis (nem nagy\u00edtott) als\u00f3 t\u00e1rat tartalmaz.<\/p>","protected":false},"featured_media":10840,"template":"","meta":{"_gspb_post_css":""},"product_brand":[],"product_cat":[1878,1864,1877,1820],"product_tag":[],"class_list":{"0":"post-14904","1":"product","2":"type-product","3":"status-publish","4":"has-post-thumbnail","6":"product_cat-ec9s","7":"product_cat-pistole-zbrane-b-c","8":"product_cat-ruger-pistole-zbrane-b-c","9":"product_cat-zbrane-b-c","11":"first","12":"outofstock","13":"taxable","14":"shipping-taxable","15":"purchasable","16":"product-type-simple"},"ct_brands":[],"_links":{"self":[{"href":"https:\/\/zbranebudai.sk\/hu\/wp-json\/wp\/v2\/product\/14904","targetHints":{"allow":["GET"]}}],"collection":[{"href":"https:\/\/zbranebudai.sk\/hu\/wp-json\/wp\/v2\/product"}],"about":[{"href":"https:\/\/zbranebudai.sk\/hu\/wp-json\/wp\/v2\/types\/product"}],"wp:featuredmedia":[{"embeddable":true,"href":"https:\/\/zbranebudai.sk\/hu\/wp-json\/wp\/v2\/media\/10840"}],"wp:attachment":[{"href":"https:\/\/zbranebudai.sk\/hu\/wp-json\/wp\/v2\/media?parent=14904"}],"wp:term":[{"taxonomy":"product_brand","embeddable":true,"href":"https:\/\/zbranebudai.sk\/hu\/wp-json\/wp\/v2\/product_brand?post=14904"},{"taxonomy":"product_cat","embeddable":true,"href":"https:\/\/zbranebudai.sk\/hu\/wp-json\/wp\/v2\/product_cat?post=14904"},{"taxonomy":"product_tag","embeddable":true,"href":"https:\/\/zbranebudai.sk\/hu\/wp-json\/wp\/v2\/product_tag?post=14904"}],"curies":[{"name":"wp","href":"https:\/\/api.w.org\/{rel}","templated":true}]}}