{"id":14896,"date":"2025-02-17T17:58:01","date_gmt":"2025-02-17T15:58:01","guid":{"rendered":"https:\/\/zbranebudai.sk\/product\/stalon-xe108-m15x1-max-kal-375\/"},"modified":"2026-04-23T06:42:16","modified_gmt":"2026-04-23T04:42:16","slug":"stalon-xe108-m15x1-max-cal-375","status":"publish","type":"product","link":"https:\/\/zbranebudai.sk\/hu\/product\/stalon-xe108-m15x1-max-kal-375\/","title":{"rendered":"Stalon XE108, M15x1, max. cal. .375"},"content":{"rendered":"<p>X-sorozat<\/p>\n<p>Az X sorozat hat egyedi modellb\u0151l \u00e1ll XS108, XS149, X108, X149, XE108, XE108, XE149, amelyek hossza, s\u00falya \u00e9s teljes\u00edtm\u00e9nye v\u00e1ltoz\u00f3. Minden modell teleszk\u00f3pos kialak\u00edt\u00e1s\u00fa, \u00e9s k\u00f6z\u00f6s jellemz\u0151j\u00fck a cser\u00e9lhet\u0151 frontok (\"Front 108\" \/ \"Front 149\"), ami azt jelenti, hogy a front k\u00f6nnyen cser\u00e9lhet\u0151 vagy hosszabbra\/r\u00f6videbbre cser\u00e9lhet\u0151, de m\u00e1s kaliberhez is igaz\u00edthat\u00f3.  P\u00e9ld\u00e1ul: a Stalon X108 \u00e1talak\u00edthat\u00f3 X149-re, ha csak az el\u00fcls\u0151 r\u00e9szt cser\u00e9lj\u00fck \"Front 108\"-r\u00f3l \"Front 149\"-re (a sorozatsz\u00e1m csak a h\u00e1ts\u00f3 r\u00e9szen van bev\u00e9sve). A cser\u00e9lhet\u0151 frontr\u00e9szek el\u0151nyei v\u00e9gtelenek, \u00e9s ez egy nagyszer\u0171 m\u00f3dja annak, hogy k\u00f6nnyen optimaliz\u00e1ljon egy hangtomp\u00edt\u00f3t a vad\u00e1szat \u00e9s a c\u00e9ll\u00f6v\u00e9szet minden st\u00edlus\u00e1hoz.<\/p>\n<p>PARAM\u00c9TEREK:<\/p>\n<p>Maxim\u00e1lis kaliber: .375<br \/>\nMax. Cs\u0151\u00e1tm\u00e9r\u0151: 22,5 mm<br \/>\nZajcsillap\u00edt\u00e1s: -31 dBc (0,308)<br \/>\n\u00c1tm\u00e9r\u0151: 49,1 mm<br \/>\nHossz\u00fas\u00e1g: 270 mm (162 mm \u00fcltet\u00e9s \/ 108 mm cs\u0151hosszabb\u00edt\u00e1s)<br \/>\nAnyag - test: elox\u00e1lt, kiv\u00e1l\u00f3 min\u0151s\u00e9g\u0171 alum\u00ednium<br \/>\nAnyag - menet: tit\u00e1n<br \/>\nAnyag - els\u0151 terel\u0151lap: rozsdamentes ac\u00e9l<br \/>\nAnyag - egy\u00e9b v\u00e1laszfalak: elox\u00e1lt kiv\u00e1l\u00f3 min\u0151s\u00e9g\u0171 alum\u00ednium<br \/>\nSz\u00edn: arany gy\u0171r\u0171vel a k\u00f6zep\u00e9n<br \/>\nS\u00faly: 370 g<\/p>","protected":false},"excerpt":{"rendered":"<p>Stalon XE108, rendk\u00edv\u00fcl tart\u00f3s leng\u00e9scsillap\u00edt\u00f3 teleszk\u00f3pos kialak\u00edt\u00e1ssal (over-barrel) \u00e9s intelligens cser\u00e9lhet\u0151 el\u00fcls\u0151 rendszerrel. Az X108 v\u00e1ltozathoz k\u00e9pest az XE108 meghosszabb\u00edtott h\u00e1ts\u00f3 r\u00e9sszel rendelkezik, amely m\u00e9g jobban \u00e1tfedi a hord\u00f3t, \u00edgy figyelemre m\u00e9lt\u00f3, -31 dBc (0,308) csillap\u00edt\u00e1st \u00e9r el. A r\u00f6vid cs\u0151hosszabb\u00edt\u00e1snak \u00e9s a k\u00f6nny\u0171 s\u00falynak k\u00f6sz\u00f6nhet\u0151en a Stalon XE108 k\u00e9zenfekv\u0151 v\u00e1laszt\u00e1s egy j\u00f3l kiegyens\u00falyozott pisztolyhoz a nagyobb \u00e9s magnum kaliberekhez.<\/p>","protected":false},"featured_media":10824,"template":"","meta":{"_gspb_post_css":""},"product_brand":[],"product_cat":[2113,2107,2124,2127,1820],"product_tag":[],"class_list":{"0":"post-14896","1":"product","2":"type-product","3":"status-publish","4":"has-post-thumbnail","6":"product_cat-stalon","7":"product_cat-tlmice-zbrane-b-c","8":"product_cat-x-series","9":"product_cat-xe108","10":"product_cat-zbrane-b-c","12":"first","13":"instock","14":"taxable","15":"shipping-taxable","16":"purchasable","17":"product-type-simple"},"ct_brands":[],"_links":{"self":[{"href":"https:\/\/zbranebudai.sk\/hu\/wp-json\/wp\/v2\/product\/14896","targetHints":{"allow":["GET"]}}],"collection":[{"href":"https:\/\/zbranebudai.sk\/hu\/wp-json\/wp\/v2\/product"}],"about":[{"href":"https:\/\/zbranebudai.sk\/hu\/wp-json\/wp\/v2\/types\/product"}],"wp:featuredmedia":[{"embeddable":true,"href":"https:\/\/zbranebudai.sk\/hu\/wp-json\/wp\/v2\/media\/10824"}],"wp:attachment":[{"href":"https:\/\/zbranebudai.sk\/hu\/wp-json\/wp\/v2\/media?parent=14896"}],"wp:term":[{"taxonomy":"product_brand","embeddable":true,"href":"https:\/\/zbranebudai.sk\/hu\/wp-json\/wp\/v2\/product_brand?post=14896"},{"taxonomy":"product_cat","embeddable":true,"href":"https:\/\/zbranebudai.sk\/hu\/wp-json\/wp\/v2\/product_cat?post=14896"},{"taxonomy":"product_tag","embeddable":true,"href":"https:\/\/zbranebudai.sk\/hu\/wp-json\/wp\/v2\/product_tag?post=14896"}],"curies":[{"name":"wp","href":"https:\/\/api.w.org\/{rel}","templated":true}]}}