{"id":14864,"date":"2025-02-17T17:57:55","date_gmt":"2025-02-17T15:57:55","guid":{"rendered":"https:\/\/zbranebudai.sk\/product\/sako-optisup-22-17-1-2-28-max-kal-22-wmr\/"},"modified":"2025-08-31T03:09:33","modified_gmt":"2025-08-31T01:09:33","slug":"kabat-optisup-22-17-17-1-2-28-max-kal-22-wmr","status":"publish","type":"product","link":"https:\/\/zbranebudai.sk\/hu\/product\/sako-optisup-22-17-1-2-28-max-kal-22-wmr\/","title":{"rendered":"Sako Optisup 22\/17, 1\/2-28, max. cal. 22 WMR"},"content":{"rendered":"<p>PARAM\u00c9TEREK:<\/p>\n<p>Maxim\u00e1lis kaliber: .22 WMR (.22 WMR, .22 LR, .17 HMR)<br \/>\nZajcsillap\u00edt\u00e1s: 20-29 dB(A)<br \/>\n\u00c1tm\u00e9r\u0151: 28 mm<br \/>\nHossz: 220 mm<br \/>\nAnyag: Alum\u00ednium<br \/>\nSz\u00edn: Cerakote\u00ae mesterl\u00f6v\u00e9sz sz\u00fcrke<br \/>\nS\u00faly: 154 g<\/p>","protected":false},"excerpt":{"rendered":"<p>Az Optisup 22\/17 jacket egy k\u00f6nny\u0171 (154 g) elnyom\u00f3, amelyet .22 WMR, .17 HMR \u00e9s .22 LR kaliber\u0171 k\u00e9zi l\u0151fegyverekhez \u00e9s k\u00e9zifegyverekhez terveztek. Nagyon v\u00e9kony kialak\u00edt\u00e1ssal (mind\u00f6ssze 28 mm \u00e1tm\u00e9r\u0151vel), 20-29 dB(A) magas hat\u00e1sfokkal \u00e9s tart\u00f3s Cerakote\u00ae afterburst kivitelben k\u00e9sz\u00fcl. K\u00f6nnyen sz\u00e9tszerelhet\u0151 \u00e9s tiszt\u00edthat\u00f3. Min\u0151s\u00e9gi hangtomp\u00edt\u00f3 a neves SAKO m\u00e1rk\u00e1t\u00f3l. Ide\u00e1lis azok sz\u00e1m\u00e1ra, akik csendes \u00e9s v\u00e9kony fegyvert ig\u00e9nyelnek.<\/p>","protected":false},"featured_media":10760,"template":"","meta":{"_gspb_post_css":""},"product_brand":[],"product_cat":[2108,2107,1820],"product_tag":[],"class_list":{"0":"post-14864","1":"product","2":"type-product","3":"status-publish","4":"has-post-thumbnail","6":"product_cat-sako-tikka","7":"product_cat-tlmice-zbrane-b-c","8":"product_cat-zbrane-b-c","10":"first","11":"outofstock","12":"taxable","13":"shipping-taxable","14":"purchasable","15":"product-type-simple"},"ct_brands":[],"_links":{"self":[{"href":"https:\/\/zbranebudai.sk\/hu\/wp-json\/wp\/v2\/product\/14864","targetHints":{"allow":["GET"]}}],"collection":[{"href":"https:\/\/zbranebudai.sk\/hu\/wp-json\/wp\/v2\/product"}],"about":[{"href":"https:\/\/zbranebudai.sk\/hu\/wp-json\/wp\/v2\/types\/product"}],"wp:featuredmedia":[{"embeddable":true,"href":"https:\/\/zbranebudai.sk\/hu\/wp-json\/wp\/v2\/media\/10760"}],"wp:attachment":[{"href":"https:\/\/zbranebudai.sk\/hu\/wp-json\/wp\/v2\/media?parent=14864"}],"wp:term":[{"taxonomy":"product_brand","embeddable":true,"href":"https:\/\/zbranebudai.sk\/hu\/wp-json\/wp\/v2\/product_brand?post=14864"},{"taxonomy":"product_cat","embeddable":true,"href":"https:\/\/zbranebudai.sk\/hu\/wp-json\/wp\/v2\/product_cat?post=14864"},{"taxonomy":"product_tag","embeddable":true,"href":"https:\/\/zbranebudai.sk\/hu\/wp-json\/wp\/v2\/product_tag?post=14864"}],"curies":[{"name":"wp","href":"https:\/\/api.w.org\/{rel}","templated":true}]}}