{"id":14861,"date":"2025-02-17T17:57:55","date_gmt":"2025-02-17T15:57:55","guid":{"rendered":"https:\/\/zbranebudai.sk\/product\/sako-optisup-30-m18x1-max-kal-308-win\/"},"modified":"2026-04-16T04:34:31","modified_gmt":"2026-04-16T02:34:31","slug":"kabat-optisup-30-m18x1-max-kal-308-win","status":"publish","type":"product","link":"https:\/\/zbranebudai.sk\/hu\/product\/sako-optisup-30-m18x1-max-kal-308-win\/","title":{"rendered":"Sako Optisup 30, M18x1, max. cal. 308 Win."},"content":{"rendered":"<p>PARAM\u00c9TEREK:<\/p>\n<p>Max. kaliber: 308Win<br \/>\nZajcsillap\u00edt\u00e1s: 17-22 dB<br \/>\n\u00c1tm\u00e9r\u0151: 45 mm<br \/>\nHossz: 225 mm (cs\u0151hosszabb\u00edt\u00e1s 210 mm)<br \/>\nAnyag: Alum\u00ednium<br \/>\nSz\u00edn: Cerakote\u00ae mesterl\u00f6v\u00e9sz sz\u00fcrke<br \/>\nS\u00faly: 430 g<\/p>","protected":false},"excerpt":{"rendered":"<p>A Sako Optisup AL a h\u00edres SAKO m\u00e1rka kiv\u00e1l\u00f3 min\u0151s\u00e9g\u0171 hangtomp\u00edt\u00f3ja, amelynek hat\u00e9konys\u00e1ga 17-22 dB. Teljesen alum\u00ednium szerkezet\u00e9nek \u00e9s tart\u00f3s Cerakote\u00ae fr\u00f6ccsen\u00e9s\u00e1ll\u00f3 bevonat\u00e1nak k\u00f6sz\u00f6nhet\u0151en az Optisup AL minden id\u0151j\u00e1r\u00e1si k\u00f6r\u00fclm\u00e9nynek megfelel, \u00edgy kiv\u00e1l\u00f3 v\u00e1laszt\u00e1s vad\u00e1szathoz. Nem fesz\u00fcl a cs\u0151 f\u00f6l\u00e9, \u00edgy alkalmas c\u00e9lz\u00f3k\u00e9sz\u00fcl\u00e9kkel ell\u00e1tott pusk\u00e1khoz.<\/p>","protected":false},"featured_media":10754,"template":"","meta":{"_gspb_post_css":""},"product_brand":[],"product_cat":[2108,2107,1820],"product_tag":[],"class_list":{"0":"post-14861","1":"product","2":"type-product","3":"status-publish","4":"has-post-thumbnail","6":"product_cat-sako-tikka","7":"product_cat-tlmice-zbrane-b-c","8":"product_cat-zbrane-b-c","10":"first","11":"instock","12":"taxable","13":"shipping-taxable","14":"purchasable","15":"product-type-simple"},"ct_brands":[],"_links":{"self":[{"href":"https:\/\/zbranebudai.sk\/hu\/wp-json\/wp\/v2\/product\/14861","targetHints":{"allow":["GET"]}}],"collection":[{"href":"https:\/\/zbranebudai.sk\/hu\/wp-json\/wp\/v2\/product"}],"about":[{"href":"https:\/\/zbranebudai.sk\/hu\/wp-json\/wp\/v2\/types\/product"}],"wp:featuredmedia":[{"embeddable":true,"href":"https:\/\/zbranebudai.sk\/hu\/wp-json\/wp\/v2\/media\/10754"}],"wp:attachment":[{"href":"https:\/\/zbranebudai.sk\/hu\/wp-json\/wp\/v2\/media?parent=14861"}],"wp:term":[{"taxonomy":"product_brand","embeddable":true,"href":"https:\/\/zbranebudai.sk\/hu\/wp-json\/wp\/v2\/product_brand?post=14861"},{"taxonomy":"product_cat","embeddable":true,"href":"https:\/\/zbranebudai.sk\/hu\/wp-json\/wp\/v2\/product_cat?post=14861"},{"taxonomy":"product_tag","embeddable":true,"href":"https:\/\/zbranebudai.sk\/hu\/wp-json\/wp\/v2\/product_tag?post=14861"}],"curies":[{"name":"wp","href":"https:\/\/api.w.org\/{rel}","templated":true}]}}