{"id":14851,"date":"2025-02-17T17:57:54","date_gmt":"2025-02-17T15:57:54","guid":{"rendered":"https:\/\/zbranebudai.sk\/product\/kryt-zaveru-s20\/"},"modified":"2026-04-09T02:17:00","modified_gmt":"2026-04-09T00:17:00","slug":"s20-zarofedel","status":"publish","type":"product","link":"https:\/\/zbranebudai.sk\/hu\/product\/kryt-zaveru-s20\/","title":{"rendered":"S20 z\u00e1r\u00f3fed\u00e9l"},"content":{"rendered":"","protected":false},"excerpt":{"rendered":"","protected":false},"featured_media":0,"template":"","meta":{"_gspb_post_css":""},"product_brand":[],"product_cat":[1821,1981,1928,1822,1820],"product_tag":[],"class_list":{"0":"post-14851","1":"product","2":"type-product","3":"status-publish","5":"product_cat-gulovnice-zbrane-b-c","6":"product_cat-nd-prislusenstvo-sako","7":"product_cat-prislusenstvo-sako","8":"product_cat-sako","9":"product_cat-zbrane-b-c","11":"first","12":"instock","13":"taxable","14":"shipping-taxable","15":"purchasable","16":"product-type-simple"},"ct_brands":[],"_links":{"self":[{"href":"https:\/\/zbranebudai.sk\/hu\/wp-json\/wp\/v2\/product\/14851","targetHints":{"allow":["GET"]}}],"collection":[{"href":"https:\/\/zbranebudai.sk\/hu\/wp-json\/wp\/v2\/product"}],"about":[{"href":"https:\/\/zbranebudai.sk\/hu\/wp-json\/wp\/v2\/types\/product"}],"wp:attachment":[{"href":"https:\/\/zbranebudai.sk\/hu\/wp-json\/wp\/v2\/media?parent=14851"}],"wp:term":[{"taxonomy":"product_brand","embeddable":true,"href":"https:\/\/zbranebudai.sk\/hu\/wp-json\/wp\/v2\/product_brand?post=14851"},{"taxonomy":"product_cat","embeddable":true,"href":"https:\/\/zbranebudai.sk\/hu\/wp-json\/wp\/v2\/product_cat?post=14851"},{"taxonomy":"product_tag","embeddable":true,"href":"https:\/\/zbranebudai.sk\/hu\/wp-json\/wp\/v2\/product_tag?post=14851"}],"curies":[{"name":"wp","href":"https:\/\/api.w.org\/{rel}","templated":true}]}}