{"id":14850,"date":"2025-02-17T17:57:54","date_gmt":"2025-02-17T15:57:54","guid":{"rendered":"https:\/\/zbranebudai.sk\/product\/zasobnikova-sachta-hellion-vhs-2s-pre-zasobniky-ar-15\/"},"modified":"2026-04-16T04:13:04","modified_gmt":"2026-04-16T02:13:04","slug":"hopper-vitorla-hellion-vhs-2s-hoppers-ar-15-hez","status":"publish","type":"product","link":"https:\/\/zbranebudai.sk\/hu\/product\/zasobnikova-sachta-hellion-vhs-2s-pre-zasobniky-ar-15\/","title":{"rendered":"HELLION\/VHS-2-es t\u00e1rak az AR-15 t\u00e1rakhoz"},"content":{"rendered":"","protected":false},"excerpt":{"rendered":"<p>Umo\u017e\u0148uje pou\u017ei\u0165 z\u00e1sobn\u00edky typu AR-15. [MAGAZINE ADAPTER FOR AR15 MAGAZINES VHS2s]<\/p>\n","protected":false},"featured_media":10693,"template":"","meta":{"_gspb_post_css":""},"product_brand":[],"product_cat":[1821,2091,2093,1820],"product_tag":[],"class_list":{"0":"post-14850","1":"product","2":"type-product","3":"status-publish","4":"has-post-thumbnail","6":"product_cat-gulovnice-zbrane-b-c","7":"product_cat-hs-produkt","8":"product_cat-prislusenstvo-hs-produkt","9":"product_cat-zbrane-b-c","11":"first","12":"instock","13":"taxable","14":"shipping-taxable","15":"purchasable","16":"product-type-simple"},"ct_brands":[],"_links":{"self":[{"href":"https:\/\/zbranebudai.sk\/hu\/wp-json\/wp\/v2\/product\/14850","targetHints":{"allow":["GET"]}}],"collection":[{"href":"https:\/\/zbranebudai.sk\/hu\/wp-json\/wp\/v2\/product"}],"about":[{"href":"https:\/\/zbranebudai.sk\/hu\/wp-json\/wp\/v2\/types\/product"}],"wp:featuredmedia":[{"embeddable":true,"href":"https:\/\/zbranebudai.sk\/hu\/wp-json\/wp\/v2\/media\/10693"}],"wp:attachment":[{"href":"https:\/\/zbranebudai.sk\/hu\/wp-json\/wp\/v2\/media?parent=14850"}],"wp:term":[{"taxonomy":"product_brand","embeddable":true,"href":"https:\/\/zbranebudai.sk\/hu\/wp-json\/wp\/v2\/product_brand?post=14850"},{"taxonomy":"product_cat","embeddable":true,"href":"https:\/\/zbranebudai.sk\/hu\/wp-json\/wp\/v2\/product_cat?post=14850"},{"taxonomy":"product_tag","embeddable":true,"href":"https:\/\/zbranebudai.sk\/hu\/wp-json\/wp\/v2\/product_tag?post=14850"}],"curies":[{"name":"wp","href":"https:\/\/api.w.org\/{rel}","templated":true}]}}