{"id":14847,"date":"2025-02-17T17:57:53","date_gmt":"2025-02-17T15:57:53","guid":{"rendered":"https:\/\/zbranebudai.sk\/product\/muska-pre-ruger-mark-series-22-45-a403604\/"},"modified":"2026-04-16T04:46:33","modified_gmt":"2026-04-16T02:46:33","slug":"muska-a-ruger-mark-sorozathoz-22-45-a403604","status":"publish","type":"product","link":"https:\/\/zbranebudai.sk\/hu\/product\/muska-pre-ruger-mark-series-22-45-a403604\/","title":{"rendered":"Ruger Mark Series 22\/45 (A403604)"},"content":{"rendered":"","protected":false},"excerpt":{"rendered":"<p>Az ir\u00e1nyz\u00e9k a Mark III \u00e9s IV\u2122 22\/45\u2122 pisztolyokhoz alkalmas, csavaros el\u00fcls\u0151 ir\u00e1nyz\u00e9kkal.<\/p>","protected":false},"featured_media":10687,"template":"","meta":{"_gspb_post_css":""},"product_brand":[],"product_cat":[1864,1898,1877,1820],"product_tag":[],"class_list":{"0":"post-14847","1":"product","2":"type-product","3":"status-publish","4":"has-post-thumbnail","6":"product_cat-pistole-zbrane-b-c","7":"product_cat-prislusenstvo-ruger-ruger-pistole-zbrane-b-c","8":"product_cat-ruger-pistole-zbrane-b-c","9":"product_cat-zbrane-b-c","11":"first","12":"instock","13":"taxable","14":"shipping-taxable","15":"purchasable","16":"product-type-simple"},"ct_brands":[],"_links":{"self":[{"href":"https:\/\/zbranebudai.sk\/hu\/wp-json\/wp\/v2\/product\/14847","targetHints":{"allow":["GET"]}}],"collection":[{"href":"https:\/\/zbranebudai.sk\/hu\/wp-json\/wp\/v2\/product"}],"about":[{"href":"https:\/\/zbranebudai.sk\/hu\/wp-json\/wp\/v2\/types\/product"}],"wp:featuredmedia":[{"embeddable":true,"href":"https:\/\/zbranebudai.sk\/hu\/wp-json\/wp\/v2\/media\/10687"}],"wp:attachment":[{"href":"https:\/\/zbranebudai.sk\/hu\/wp-json\/wp\/v2\/media?parent=14847"}],"wp:term":[{"taxonomy":"product_brand","embeddable":true,"href":"https:\/\/zbranebudai.sk\/hu\/wp-json\/wp\/v2\/product_brand?post=14847"},{"taxonomy":"product_cat","embeddable":true,"href":"https:\/\/zbranebudai.sk\/hu\/wp-json\/wp\/v2\/product_cat?post=14847"},{"taxonomy":"product_tag","embeddable":true,"href":"https:\/\/zbranebudai.sk\/hu\/wp-json\/wp\/v2\/product_tag?post=14847"}],"curies":[{"name":"wp","href":"https:\/\/api.w.org\/{rel}","templated":true}]}}