{"id":14838,"date":"2025-02-17T17:57:52","date_gmt":"2025-02-17T15:57:52","guid":{"rendered":"https:\/\/zbranebudai.sk\/product\/set-mieridiel-pre-ruger-mark-series-22-45-84201\/"},"modified":"2026-04-16T04:56:58","modified_gmt":"2026-04-16T02:56:58","slug":"celzokeszlet-a-ruger-mark-sorozathoz-22-45-84201","status":"publish","type":"product","link":"https:\/\/zbranebudai.sk\/hu\/product\/set-mieridiel-pre-ruger-mark-series-22-45-84201\/","title":{"rendered":"Ruger Mark Series 22\/45 (84201)"},"content":{"rendered":"","protected":false},"excerpt":{"rendered":"<p>HiViz\u00ae l\u00e9gy \u00e9s V-Notch c\u00e9lpont. Illeszkedik a Mark III \u00e9s IV\u2122 22\/45\u2122 pisztolyokhoz, amelyeknek az els\u0151 c\u00e9lz\u00f3k\u00e9sz\u00fcl\u00e9ke csavarral van felszerelve. Szakszer\u0171 beszerel\u00e9s aj\u00e1nlott.<\/p>","protected":false},"featured_media":10669,"template":"","meta":{"_gspb_post_css":""},"product_brand":[],"product_cat":[1864,1898,1877,1820],"product_tag":[],"class_list":{"0":"post-14838","1":"product","2":"type-product","3":"status-publish","4":"has-post-thumbnail","6":"product_cat-pistole-zbrane-b-c","7":"product_cat-prislusenstvo-ruger-ruger-pistole-zbrane-b-c","8":"product_cat-ruger-pistole-zbrane-b-c","9":"product_cat-zbrane-b-c","11":"first","12":"instock","13":"taxable","14":"shipping-taxable","15":"purchasable","16":"product-type-simple"},"ct_brands":[],"_links":{"self":[{"href":"https:\/\/zbranebudai.sk\/hu\/wp-json\/wp\/v2\/product\/14838","targetHints":{"allow":["GET"]}}],"collection":[{"href":"https:\/\/zbranebudai.sk\/hu\/wp-json\/wp\/v2\/product"}],"about":[{"href":"https:\/\/zbranebudai.sk\/hu\/wp-json\/wp\/v2\/types\/product"}],"wp:featuredmedia":[{"embeddable":true,"href":"https:\/\/zbranebudai.sk\/hu\/wp-json\/wp\/v2\/media\/10669"}],"wp:attachment":[{"href":"https:\/\/zbranebudai.sk\/hu\/wp-json\/wp\/v2\/media?parent=14838"}],"wp:term":[{"taxonomy":"product_brand","embeddable":true,"href":"https:\/\/zbranebudai.sk\/hu\/wp-json\/wp\/v2\/product_brand?post=14838"},{"taxonomy":"product_cat","embeddable":true,"href":"https:\/\/zbranebudai.sk\/hu\/wp-json\/wp\/v2\/product_cat?post=14838"},{"taxonomy":"product_tag","embeddable":true,"href":"https:\/\/zbranebudai.sk\/hu\/wp-json\/wp\/v2\/product_tag?post=14838"}],"curies":[{"name":"wp","href":"https:\/\/api.w.org\/{rel}","templated":true}]}}