{"id":14828,"date":"2025-02-17T17:57:51","date_gmt":"2025-02-17T15:57:51","guid":{"rendered":"https:\/\/zbranebudai.sk\/product\/zasobnik-hellcat-h11-9x19-11rd-sikme-dno\/"},"modified":"2026-04-09T02:49:53","modified_gmt":"2026-04-09T00:49:53","slug":"hopper-hellcat-h11-9x19-11rd-diagonalis-alja","status":"publish","type":"product","link":"https:\/\/zbranebudai.sk\/hu\/product\/zasobnik-hellcat-h11-9x19-11rd-sikme-dno\/","title":{"rendered":"HELLCAT\/H11, 9\u00d719, 11-es t\u00e1r - ferde alja"},"content":{"rendered":"","protected":false},"excerpt":{"rendered":"<p>HELLCAT\/H11 kaliber\u0171 t\u00e1r. 9\u00d719-es, 11 t\u00f6lt\u00e9nyt tartalmaz\u00f3 t\u00e1r (HELLCAT 9\u00d719-es, 11-es t\u00e1r - meghosszabb\u00edtott alap).<\/p>","protected":false},"featured_media":10595,"template":"","meta":{"_gspb_post_css":""},"product_brand":[],"product_cat":[1864,2043,2033,2230,1820],"product_tag":[],"class_list":{"0":"post-14828","1":"product","2":"type-product","3":"status-publish","4":"has-post-thumbnail","6":"product_cat-pistole-zbrane-b-c","7":"product_cat-prislusenstvo-springfield-armory","8":"product_cat-springfield-armory-hs-produkt","9":"product_cat-zasobniky-prislusenstvo-springfield-armory","10":"product_cat-zbrane-b-c","12":"first","13":"outofstock","14":"taxable","15":"shipping-taxable","16":"purchasable","17":"product-type-simple"},"ct_brands":[],"_links":{"self":[{"href":"https:\/\/zbranebudai.sk\/hu\/wp-json\/wp\/v2\/product\/14828","targetHints":{"allow":["GET"]}}],"collection":[{"href":"https:\/\/zbranebudai.sk\/hu\/wp-json\/wp\/v2\/product"}],"about":[{"href":"https:\/\/zbranebudai.sk\/hu\/wp-json\/wp\/v2\/types\/product"}],"wp:featuredmedia":[{"embeddable":true,"href":"https:\/\/zbranebudai.sk\/hu\/wp-json\/wp\/v2\/media\/10595"}],"wp:attachment":[{"href":"https:\/\/zbranebudai.sk\/hu\/wp-json\/wp\/v2\/media?parent=14828"}],"wp:term":[{"taxonomy":"product_brand","embeddable":true,"href":"https:\/\/zbranebudai.sk\/hu\/wp-json\/wp\/v2\/product_brand?post=14828"},{"taxonomy":"product_cat","embeddable":true,"href":"https:\/\/zbranebudai.sk\/hu\/wp-json\/wp\/v2\/product_cat?post=14828"},{"taxonomy":"product_tag","embeddable":true,"href":"https:\/\/zbranebudai.sk\/hu\/wp-json\/wp\/v2\/product_tag?post=14828"}],"curies":[{"name":"wp","href":"https:\/\/api.w.org\/{rel}","templated":true}]}}