{"id":14824,"date":"2025-02-17T17:57:51","date_gmt":"2025-02-17T15:57:51","guid":{"rendered":"https:\/\/zbranebudai.sk\/product\/ruger-wrangler-2002-single-action-revolver-kal-22lr\/"},"modified":"2026-04-16T03:35:58","modified_gmt":"2026-04-16T01:35:58","slug":"ruger-wrangler-2002-single-action-revolver-cal-22lr","status":"publish","type":"product","link":"https:\/\/zbranebudai.sk\/hu\/product\/ruger-wrangler-2002-single-action-revolver-kal-22lr\/","title":{"rendered":"Ruger Wrangler 2002 (Single-Action Revolver), cal. .22LR"},"content":{"rendered":"<p>PARAM\u00c9TEREK:<\/p>\n<p>T\u00e1rkapacit\u00e1s: 6 t\u00f6lt\u00e9ny<br \/>\nCs\u0151hossz: 117 mm (4.62in)<br \/>\nTeljes hossz: 260 mm<br \/>\nCs\u0151oszt\u00e1s: 1:14\u2033 RH<br \/>\nS\u00faly: 850 g<\/p>","protected":false},"excerpt":{"rendered":"<p>Revolver Ruger Wrangler 2002, cal. .22 LR, Single-Six\u00ae textur\u00e1lt szintetikus markolattal a t\u00f6k\u00e9letes fog\u00e1s\u00e9rt. A hidegen kov\u00e1csolt cs\u0151 kiv\u00e9teles pontoss\u00e1got \u00e9s hossz\u00fa \u00e9lettartamot biztos\u00edt. A Cerakote\u00ae f\u00e9nyez\u00e9s nagy tart\u00f3ss\u00e1got biztos\u00edt minden k\u00f6rnyezetben.<\/p>","protected":false},"featured_media":10581,"template":"","meta":{"_gspb_post_css":""},"product_brand":[],"product_cat":[1858,1859,2106,1820],"product_tag":[],"class_list":{"0":"post-14824","1":"product","2":"type-product","3":"status-publish","4":"has-post-thumbnail","6":"product_cat-revolvery-zbrane-b-c","7":"product_cat-ruger-revolvery-zbrane-b-c","8":"product_cat-wrangler","9":"product_cat-zbrane-b-c","11":"first","12":"outofstock","13":"taxable","14":"shipping-taxable","15":"purchasable","16":"product-type-simple"},"ct_brands":[],"_links":{"self":[{"href":"https:\/\/zbranebudai.sk\/hu\/wp-json\/wp\/v2\/product\/14824","targetHints":{"allow":["GET"]}}],"collection":[{"href":"https:\/\/zbranebudai.sk\/hu\/wp-json\/wp\/v2\/product"}],"about":[{"href":"https:\/\/zbranebudai.sk\/hu\/wp-json\/wp\/v2\/types\/product"}],"wp:featuredmedia":[{"embeddable":true,"href":"https:\/\/zbranebudai.sk\/hu\/wp-json\/wp\/v2\/media\/10581"}],"wp:attachment":[{"href":"https:\/\/zbranebudai.sk\/hu\/wp-json\/wp\/v2\/media?parent=14824"}],"wp:term":[{"taxonomy":"product_brand","embeddable":true,"href":"https:\/\/zbranebudai.sk\/hu\/wp-json\/wp\/v2\/product_brand?post=14824"},{"taxonomy":"product_cat","embeddable":true,"href":"https:\/\/zbranebudai.sk\/hu\/wp-json\/wp\/v2\/product_cat?post=14824"},{"taxonomy":"product_tag","embeddable":true,"href":"https:\/\/zbranebudai.sk\/hu\/wp-json\/wp\/v2\/product_tag?post=14824"}],"curies":[{"name":"wp","href":"https:\/\/api.w.org\/{rel}","templated":true}]}}