{"id":14819,"date":"2025-02-17T17:57:50","date_gmt":"2025-02-17T15:57:50","guid":{"rendered":"https:\/\/zbranebudai.sk\/product\/pistol-bubix-bro-kal-9x19-orange\/"},"modified":"2026-04-02T00:26:20","modified_gmt":"2026-04-01T22:26:20","slug":"pisztoly-bubix-bro-kal-9x19-narancssarga","status":"publish","type":"product","link":"https:\/\/zbranebudai.sk\/hu\/product\/pistol-bubix-bro-kal-9x19-orange\/","title":{"rendered":"Pisztoly BUBIX BRO, cal. 9\u00d719, narancss\u00e1rga"},"content":{"rendered":"<p>MULTICALIBRE PLATFORM<\/p>\n<p>A BUBUX BRO pisztolyok jellegzetes tulajdons\u00e1ga, hogy a kaliber megv\u00e1ltoztathat\u00f3 a cs\u0151 \u00e9s a z\u00e1r\u00f3cs\u0151 egyszer\u0171 cser\u00e9j\u00e9vel. H\u00e1rom \u00e1talak\u00edt\u00f3 k\u00e9szlet lesz kaphat\u00f3: 9\u00d718 Makarov, 9\u00d719 Luger, 9\u00d721 IMI.\u00a0<\/p>\n<p>PARAM\u00c9TEREK:<\/p>\n<p>T\u00e1rkapacit\u00e1s: 12 t\u00f6lt\u00e9ny<br \/>\nCs\u0151hossz: 90 mm (3.54in)<br \/>\nTeljes hossz: 161,5 mm<br \/>\nMenetsz\u00e9less\u00e9g: 24,4 mm<br \/>\nSz\u00e1nd\u00e9kos hossz: 142 mm<br \/>\nMagass\u00e1g: 120-130 mm (lapos alj\u00fa\/ny\u00fajtott alj\u00fa)<br \/>\nS\u00faly: 560-590 g (kalibert\u0151l f\u00fcgg\u0151en)<\/p>\n<p>CSOMAG TARTALMA:<\/p>\n<p>Pisztoly: 1 db<br \/>\nT\u00e1lca: 2 db (1 x lapos alj\u00fa, 1 x meghosszabb\u00edtott alj\u00fa)<br \/>\nLapos alj\u00fa t\u00e1lca: 1 db<br \/>\nKiterjesztett t\u00e1lca alja: 1 db<br \/>\nK\u00e9toldalas IWB h\u00fcvely: 1 db<br \/>\ntok: 1 db<\/p>","protected":false},"excerpt":{"rendered":"<p>\u00daj osztr\u00e1k szubkompakt, a kaliberv\u00e1lt\u00e1s lehet\u0151s\u00e9g\u00e9vel, amely alkalmas jobb- \u00e9s balkezes l\u00f6v\u00e9szek sz\u00e1m\u00e1ra. A BUBIX BRO ravaszmarkolat-biztos\u00edt\u00f3val, els\u00fct\u0151szeg-biztos\u00edt\u00f3val \u00e9s fel\u00fclr\u0151l t\u00f6lt\u00f6tt kamrajelz\u0151vel rendelkezik, amely m\u00e9g keszty\u0171ben is l\u00e1that\u00f3 \u00e9s tapinthat\u00f3. A t\u00e1rkiold\u00f3 \u00e9s a reteszz\u00e1r k\u00e9tkezes, \u00edgy a jobb- \u00e9s balkezes felhaszn\u00e1l\u00f3k sz\u00e1m\u00e1ra is megfelel\u0151. A c\u00e9lt\u00e1bla \u00e9s az ablakt\u00e1bla oldalir\u00e1nyban \u00e1ll\u00edthat\u00f3, polimerb\u0151l k\u00e9sz\u00fclt, \u00e9s feh\u00e9r kiemel\u00e9ssel rendelkezik. Megnagyobb\u00edtott c\u00e9lt\u00e1vcs\u0151ter\u00fclet a keszty\u0171s l\u00f6v\u00e9szethez. A pisztoly z\u00e1rral r\u00f6gz\u00edthet\u0151 a tokban (nem tartoz\u00e9k). A pisztolyhoz egy k\u00e9nyelmes, megford\u00edthat\u00f3 IWB-t\u00e1ska tartozik, amely biztons\u00e1gi zsin\u00f3rral rendelkezik, \u00e9s az \u00f6vre r\u00f6gz\u00edthet\u0151. A k\u00f6nny\u0171 s\u00faly, a nagy megb\u00edzhat\u00f3s\u00e1g \u00e9s a min\u0151s\u00e9gi ravasz a BUBIX BRO-t kiv\u00e1l\u00f3 fegyverr\u00e9 teszi rejtett visel\u00e9shez \u00e9s intenz\u00edv l\u0151t\u00e9ri l\u00f6v\u00e9szethez.<\/p>","protected":false},"featured_media":10569,"template":"","meta":{"_gspb_post_css":""},"product_brand":[],"product_cat":[2103,2102,1864,1820],"product_tag":[],"class_list":{"0":"post-14819","1":"product","2":"type-product","3":"status-publish","4":"has-post-thumbnail","6":"product_cat-bro-classic","7":"product_cat-bubix","8":"product_cat-pistole-zbrane-b-c","9":"product_cat-zbrane-b-c","11":"first","12":"outofstock","13":"taxable","14":"shipping-taxable","15":"purchasable","16":"product-type-simple"},"ct_brands":[],"_links":{"self":[{"href":"https:\/\/zbranebudai.sk\/hu\/wp-json\/wp\/v2\/product\/14819","targetHints":{"allow":["GET"]}}],"collection":[{"href":"https:\/\/zbranebudai.sk\/hu\/wp-json\/wp\/v2\/product"}],"about":[{"href":"https:\/\/zbranebudai.sk\/hu\/wp-json\/wp\/v2\/types\/product"}],"wp:featuredmedia":[{"embeddable":true,"href":"https:\/\/zbranebudai.sk\/hu\/wp-json\/wp\/v2\/media\/10569"}],"wp:attachment":[{"href":"https:\/\/zbranebudai.sk\/hu\/wp-json\/wp\/v2\/media?parent=14819"}],"wp:term":[{"taxonomy":"product_brand","embeddable":true,"href":"https:\/\/zbranebudai.sk\/hu\/wp-json\/wp\/v2\/product_brand?post=14819"},{"taxonomy":"product_cat","embeddable":true,"href":"https:\/\/zbranebudai.sk\/hu\/wp-json\/wp\/v2\/product_cat?post=14819"},{"taxonomy":"product_tag","embeddable":true,"href":"https:\/\/zbranebudai.sk\/hu\/wp-json\/wp\/v2\/product_tag?post=14819"}],"curies":[{"name":"wp","href":"https:\/\/api.w.org\/{rel}","templated":true}]}}