{"id":14816,"date":"2025-02-17T17:57:50","date_gmt":"2025-02-17T15:57:50","guid":{"rendered":"https:\/\/zbranebudai.sk\/product\/beretta-wilson-combat-92g-brigadier-tactical-kal-9x19\/"},"modified":"2026-05-07T12:02:23","modified_gmt":"2026-05-07T10:02:23","slug":"beretta-wilson-combat-92g-brigadier-taktikai-cal-9x19","status":"publish","type":"product","link":"https:\/\/zbranebudai.sk\/hu\/product\/beretta-wilson-combat-92g-brigadier-tactical-kal-9x19\/","title":{"rendered":"Beretta\/Wilson Combat 92G Brigadier Tactical, cal. 9\u00d719"},"content":{"rendered":"<p>PARAM\u00c9TEREK:<\/p>\n<p>T\u00e1rkapacit\u00e1s: 15 t\u00f6lt\u00e9ny<br \/>\nCs\u0151hossz: 119 mm<br \/>\nTeljes hossz: 210 mm<br \/>\nSz\u00e9less\u00e9g: 38 mm<br \/>\nMagass\u00e1g: 140 mm<br \/>\nSz\u00e1nd\u00e9kos hossz: 165 mm<br \/>\nS\u00faly: 1.020 g<\/p>\n<p>CSOMAG TARTALMA:<\/p>\n<p>1x Pisztoly<br \/>\n3x M9A1 Beretta homok\u00e1ll\u00f3 t\u00e1r<br \/>\n1x fegyverz\u00e1r<br \/>\n1x b\u0151r\u00f6nd<\/p>\n<p>B\u0151vebben a www.wilsoncombat.com\/berettawilson-92g-brigadier-tactical oldalon.<\/p>","protected":false},"excerpt":{"rendered":"<p>Limit\u00e1lt kiad\u00e1s\u00fa Beretta\/Wilson Combat 92G Brigadier Tactical G10 Dirty Olive markolattal, amely exkluz\u00edv megjelen\u00e9st k\u00f6lcs\u00f6n\u00f6z a pisztolynak. A fegyver optimaliz\u00e1lt alkatr\u00e9szekkel rendelkezik, mint p\u00e9ld\u00e1ul tov\u00e1bbfejlesztett reteszel\u00e9s, tov\u00e1bbfejlesztett ravasz cs\u00f6kkentett ellen\u00e1ll\u00e1ssal (SA 1,6-2,0 kg \/ DA 2,7-2,9 kg ) \u00e9s egy Wilson Combat c\u00e9lz\u00f3k\u00e9sz\u00fcl\u00e9k, Trijicon feh\u00e9r gy\u0171r\u0171s tr\u00edcium c\u00e9lz\u00f3k\u00e9sz\u00fcl\u00e9kkel p\u00e1ros\u00edtva. Ez a modell egy \"Elite\" min\u0151s\u00e9g\u0171 rozsdamentes ac\u00e9lb\u00f3l k\u00e9sz\u00fclt 4,7\u2033-es cs\u0151vel is rendelkezik, fokozott pontoss\u00e1ggal \u00e9s s\u00fcllyesztett koron\u00e1val.<\/p>","protected":false},"featured_media":10563,"template":"","meta":{"_gspb_post_css":""},"product_brand":[],"product_cat":[1950,1864,1951,1820],"product_tag":[],"class_list":{"0":"post-14816","1":"product","2":"type-product","3":"status-publish","4":"has-post-thumbnail","6":"product_cat-beretta-usa","7":"product_cat-pistole-zbrane-b-c","8":"product_cat-pistole-beretta-usa","9":"product_cat-zbrane-b-c","11":"first","12":"instock","13":"taxable","14":"shipping-taxable","15":"purchasable","16":"product-type-simple"},"ct_brands":[],"_links":{"self":[{"href":"https:\/\/zbranebudai.sk\/hu\/wp-json\/wp\/v2\/product\/14816","targetHints":{"allow":["GET"]}}],"collection":[{"href":"https:\/\/zbranebudai.sk\/hu\/wp-json\/wp\/v2\/product"}],"about":[{"href":"https:\/\/zbranebudai.sk\/hu\/wp-json\/wp\/v2\/types\/product"}],"wp:featuredmedia":[{"embeddable":true,"href":"https:\/\/zbranebudai.sk\/hu\/wp-json\/wp\/v2\/media\/10563"}],"wp:attachment":[{"href":"https:\/\/zbranebudai.sk\/hu\/wp-json\/wp\/v2\/media?parent=14816"}],"wp:term":[{"taxonomy":"product_brand","embeddable":true,"href":"https:\/\/zbranebudai.sk\/hu\/wp-json\/wp\/v2\/product_brand?post=14816"},{"taxonomy":"product_cat","embeddable":true,"href":"https:\/\/zbranebudai.sk\/hu\/wp-json\/wp\/v2\/product_cat?post=14816"},{"taxonomy":"product_tag","embeddable":true,"href":"https:\/\/zbranebudai.sk\/hu\/wp-json\/wp\/v2\/product_tag?post=14816"}],"curies":[{"name":"wp","href":"https:\/\/api.w.org\/{rel}","templated":true}]}}