{"id":14815,"date":"2025-02-17T17:57:49","date_gmt":"2025-02-17T15:57:49","guid":{"rendered":"https:\/\/zbranebudai.sk\/product\/beretta-m9a4-full-size-fde-kal-9x19\/"},"modified":"2026-05-07T13:18:23","modified_gmt":"2026-05-07T11:18:23","slug":"beretta-m9a4-teljes-meretu-fde-cal-9x19","status":"publish","type":"product","link":"https:\/\/zbranebudai.sk\/hu\/product\/beretta-m9a4-full-size-fde-kal-9x19\/","title":{"rendered":"Beretta M9A4 Full Size FDE, cal. 9\u00d719"},"content":{"rendered":"<p>PARAM\u00c9TEREK:<\/p>\n<p>T\u00e1rkapacit\u00e1s: 18 t\u00f6lt\u00e9ny<br \/>\nCs\u0151hossz: 130 mm (5.1in)<br \/>\nTeljes hossz: 221 mm<br \/>\nSz\u00e9less\u00e9g: 38 mm<br \/>\nMagass\u00e1g: 137 mm<br \/>\nSz\u00e1nd\u00e9kos hossz: 162 mm<br \/>\nS\u00faly: 944 g<\/p>\n<p>CSOMAG TARTALMA:<\/p>\n<p>1x Pisztoly<br \/>\n3x t\u00e1lca (fekete)<br \/>\n3x cser\u00e9lhet\u0151 t\u00f6m\u00edt\u00e9sek a t\u00f6m\u00edt\u00e9sen<br \/>\n2x Foganty\u00falemez (bal+jobb)<br \/>\n1x csavarok a k\u00e9zv\u00e9d\u0151h\u00f6z<br \/>\n1x fegyverz\u00e1r<br \/>\n1x hordozhat\u00f3 doboz<\/p>","protected":false},"excerpt":{"rendered":"<p>A Beretta M9A4 pisztoly az M9 sorozat cs\u00facs\u00e1t k\u00e9pviseli. A cs\u0151 hossza 130 mm (5,1 h\u00fcvelyk). \u00daj, fejlett funkci\u00f3k, tov\u00e1bbfejlesztett Xtreme Trigger System r\u00f6vid vissza\u00e1ll\u00edt\u00e1ssal \u00e9s DLC (Diamond-Like Carbon) bevonattal. Tr\u00edcium c\u00e9lkereszt \u00e9s feh\u00e9r gy\u0171r\u0171s c\u00e9lkereszt. El\u0151k\u00e9sz\u00edt\u00e9s a kollim\u00e1torhoz. Agressz\u00edv 92X st\u00edlus\u00fa textur\u00e1lt markolat. 18 t\u00e1r (visszafel\u00e9 kompatibilis az M9 csal\u00e1ddal). Hiper\u00e1ll\u00f3 CERAKOTE FDE kivitel v\u00e9di a fegyvert az elemekt\u0151l.<\/p>","protected":false},"featured_media":10561,"template":"","meta":{"_gspb_post_css":""},"product_brand":[],"product_cat":[1950,1864,1951,1820],"product_tag":[],"class_list":{"0":"post-14815","1":"product","2":"type-product","3":"status-publish","4":"has-post-thumbnail","6":"product_cat-beretta-usa","7":"product_cat-pistole-zbrane-b-c","8":"product_cat-pistole-beretta-usa","9":"product_cat-zbrane-b-c","11":"first","12":"outofstock","13":"taxable","14":"shipping-taxable","15":"purchasable","16":"product-type-simple"},"ct_brands":[],"_links":{"self":[{"href":"https:\/\/zbranebudai.sk\/hu\/wp-json\/wp\/v2\/product\/14815","targetHints":{"allow":["GET"]}}],"collection":[{"href":"https:\/\/zbranebudai.sk\/hu\/wp-json\/wp\/v2\/product"}],"about":[{"href":"https:\/\/zbranebudai.sk\/hu\/wp-json\/wp\/v2\/types\/product"}],"wp:featuredmedia":[{"embeddable":true,"href":"https:\/\/zbranebudai.sk\/hu\/wp-json\/wp\/v2\/media\/10561"}],"wp:attachment":[{"href":"https:\/\/zbranebudai.sk\/hu\/wp-json\/wp\/v2\/media?parent=14815"}],"wp:term":[{"taxonomy":"product_brand","embeddable":true,"href":"https:\/\/zbranebudai.sk\/hu\/wp-json\/wp\/v2\/product_brand?post=14815"},{"taxonomy":"product_cat","embeddable":true,"href":"https:\/\/zbranebudai.sk\/hu\/wp-json\/wp\/v2\/product_cat?post=14815"},{"taxonomy":"product_tag","embeddable":true,"href":"https:\/\/zbranebudai.sk\/hu\/wp-json\/wp\/v2\/product_tag?post=14815"}],"curies":[{"name":"wp","href":"https:\/\/api.w.org\/{rel}","templated":true}]}}