{"id":14813,"date":"2025-02-17T17:57:49","date_gmt":"2025-02-17T15:57:49","guid":{"rendered":"https:\/\/zbranebudai.sk\/product\/beretta-92x-rdo-full-size-fr-kal-9x19\/"},"modified":"2026-04-30T11:02:22","modified_gmt":"2026-04-30T09:02:22","slug":"beretta-92x-rdo-teljes-meretu-fr-kaliber-9x19","status":"publish","type":"product","link":"https:\/\/zbranebudai.sk\/hu\/product\/beretta-92x-rdo-full-size-fr-kal-9x19\/","title":{"rendered":"Beretta 92X RDO Full Size FR, cal. 9\u00d719"},"content":{"rendered":"<p>PARAM\u00c9TEREK:<\/p>\n<p>T\u00e1rkapacit\u00e1s: 18 t\u00f6lt\u00e9ny<br \/>\nCs\u0151hossz: 119 mm (4.7\u2033)<br \/>\nTeljes hossz: 211 mm<br \/>\nSz\u00e9less\u00e9g: 38 mm<br \/>\nMagass\u00e1g: 142 mm<br \/>\nSz\u00e1nd\u00e9kos hossz: 160 mm<br \/>\nS\u00faly: 945 g<\/p>\n<p>CSOMAG TARTALMA:<\/p>\n<p>1x Pisztoly<br \/>\n2x t\u00e1lca<br \/>\n1x fegyverz\u00e1r<br \/>\n1x b\u0151r\u00f6nd<\/p>","protected":false},"excerpt":{"rendered":"<p>A Beretta 92X RDO Full Size FR, kollim\u00e1tor el\u0151k\u00e9sz\u00edt\u00e9ssel, m\u00e9g magasabb szintre emeli az M9 csal\u00e1d bev\u00e1lt megb\u00edzhat\u00f3s\u00e1g\u00e1t. Az \u00faj ergonomikus form\u00e1k, a szabv\u00e1nyos egyenes profil\u00fa h\u00e1ts\u00f3 keret er\u0151sen textur\u00e1lt markolattal biztos\u00edtja a biztos fog\u00e1st, \u00e9s megfelel a legt\u00f6bb l\u00f6v\u00e9sz ig\u00e9nyeinek. A piros pont c\u00e9lz\u00f3k\u00e9sz\u00fcl\u00e9k \u00e9s a t\u00e9glalap alak\u00fa, t\u00fckr\u00f6z\u0151d\u00e9smentes\u00edtett rec\u00e9z\u00e9ssel ell\u00e1tott c\u00e9lz\u00f3k\u00e9sz\u00fcl\u00e9k oldalir\u00e1nyban \u00e1ll\u00edthat\u00f3 \u00e9s ac\u00e9lb\u00f3l k\u00e9sz\u00fclt. A tov\u00e1bbfejlesztett t\u0171zvez\u00e9rl\u00e9s \u00e9s a meghosszabb\u00edtott t\u00e1rkiold\u00f3 egy kompromisszumok n\u00e9lk\u00fcli, cs\u00facsteljes\u00edtm\u00e9nyre t\u00f6rekv\u0151 pisztolyt eredm\u00e9nyez, amely ide\u00e1lis mind a versenyszer\u0171 dinamikus l\u00f6v\u00e9szethez, mind a v\u00e9delmi c\u00e9lokra.<\/p>","protected":false},"featured_media":10557,"template":"","meta":{"_gspb_post_css":""},"product_brand":[],"product_cat":[1950,1864,1951,1820],"product_tag":[],"class_list":{"0":"post-14813","1":"product","2":"type-product","3":"status-publish","4":"has-post-thumbnail","6":"product_cat-beretta-usa","7":"product_cat-pistole-zbrane-b-c","8":"product_cat-pistole-beretta-usa","9":"product_cat-zbrane-b-c","11":"first","12":"outofstock","13":"taxable","14":"shipping-taxable","15":"purchasable","16":"product-type-simple"},"ct_brands":[],"_links":{"self":[{"href":"https:\/\/zbranebudai.sk\/hu\/wp-json\/wp\/v2\/product\/14813","targetHints":{"allow":["GET"]}}],"collection":[{"href":"https:\/\/zbranebudai.sk\/hu\/wp-json\/wp\/v2\/product"}],"about":[{"href":"https:\/\/zbranebudai.sk\/hu\/wp-json\/wp\/v2\/types\/product"}],"wp:featuredmedia":[{"embeddable":true,"href":"https:\/\/zbranebudai.sk\/hu\/wp-json\/wp\/v2\/media\/10557"}],"wp:attachment":[{"href":"https:\/\/zbranebudai.sk\/hu\/wp-json\/wp\/v2\/media?parent=14813"}],"wp:term":[{"taxonomy":"product_brand","embeddable":true,"href":"https:\/\/zbranebudai.sk\/hu\/wp-json\/wp\/v2\/product_brand?post=14813"},{"taxonomy":"product_cat","embeddable":true,"href":"https:\/\/zbranebudai.sk\/hu\/wp-json\/wp\/v2\/product_cat?post=14813"},{"taxonomy":"product_tag","embeddable":true,"href":"https:\/\/zbranebudai.sk\/hu\/wp-json\/wp\/v2\/product_tag?post=14813"}],"curies":[{"name":"wp","href":"https:\/\/api.w.org\/{rel}","templated":true}]}}