{"id":14811,"date":"2025-02-17T17:57:49","date_gmt":"2025-02-17T15:57:49","guid":{"rendered":"https:\/\/zbranebudai.sk\/product\/beretta-92g-elite-ltt-compact-kal-9x19\/"},"modified":"2025-07-12T16:43:39","modified_gmt":"2025-07-12T14:43:39","slug":"beretta-92g-elite-ltt-kompakt-kaliber-9x19","status":"publish","type":"product","link":"https:\/\/zbranebudai.sk\/hu\/product\/beretta-92g-elite-ltt-compact-kal-9x19\/","title":{"rendered":"Beretta 92G Elite LTT Compact, cal. 9\u00d719"},"content":{"rendered":"<p>PARAM\u00c9TEREK:<\/p>\n<p>T\u00e1rkapacit\u00e1s: 15 t\u00f6lt\u00e9ny<br \/>\nCs\u0151hossz: 108 mm (4.25\u2033)<br \/>\nTeljes hossz: 197 mm<br \/>\nSz\u00e9less\u00e9g: 38 mm<br \/>\nMagass\u00e1g: 133 mm<br \/>\nSz\u00e1nd\u00e9kos hossz: 151 mm<br \/>\nS\u00faly: 808 g<\/p>\n<p>CSOMAG TARTALMA:<\/p>\n<p>1x Pisztoly<br \/>\n3x t\u00e1lca<br \/>\n1x fegyverz\u00e1r<br \/>\n1x b\u0151r\u00f6nd<\/p>","protected":false},"excerpt":{"rendered":"<p>A Langdon Tactical Ernest Langdonnal egy\u00fcttm\u0171k\u00f6dve k\u00e9sz\u00fclt Beretta 92G Elite LTT Compact egy speci\u00e1lis Vertec\/M9A3 st\u00edlus\u00fa z\u00e1rszerkezettel rendelkezik, \u00fct\u0151kakas \u00e9s M9A1 st\u00edlus\u00fa v\u00e1z. A l\u00e9gy egy f\u00e9nyvezet\u0151 rosttal. U alak\u00fa c\u00e9lt\u00e1bla t\u00fckr\u00f6z\u0151d\u00e9smentes\u00edtett fogaz\u00e1ssal.<\/p>","protected":false},"featured_media":10553,"template":"","meta":{"_gspb_post_css":""},"product_brand":[],"product_cat":[1950,1864,1951,1820],"product_tag":[],"class_list":{"0":"post-14811","1":"product","2":"type-product","3":"status-publish","4":"has-post-thumbnail","6":"product_cat-beretta-usa","7":"product_cat-pistole-zbrane-b-c","8":"product_cat-pistole-beretta-usa","9":"product_cat-zbrane-b-c","11":"first","12":"outofstock","13":"taxable","14":"shipping-taxable","15":"purchasable","16":"product-type-simple"},"ct_brands":[],"_links":{"self":[{"href":"https:\/\/zbranebudai.sk\/hu\/wp-json\/wp\/v2\/product\/14811","targetHints":{"allow":["GET"]}}],"collection":[{"href":"https:\/\/zbranebudai.sk\/hu\/wp-json\/wp\/v2\/product"}],"about":[{"href":"https:\/\/zbranebudai.sk\/hu\/wp-json\/wp\/v2\/types\/product"}],"wp:featuredmedia":[{"embeddable":true,"href":"https:\/\/zbranebudai.sk\/hu\/wp-json\/wp\/v2\/media\/10553"}],"wp:attachment":[{"href":"https:\/\/zbranebudai.sk\/hu\/wp-json\/wp\/v2\/media?parent=14811"}],"wp:term":[{"taxonomy":"product_brand","embeddable":true,"href":"https:\/\/zbranebudai.sk\/hu\/wp-json\/wp\/v2\/product_brand?post=14811"},{"taxonomy":"product_cat","embeddable":true,"href":"https:\/\/zbranebudai.sk\/hu\/wp-json\/wp\/v2\/product_cat?post=14811"},{"taxonomy":"product_tag","embeddable":true,"href":"https:\/\/zbranebudai.sk\/hu\/wp-json\/wp\/v2\/product_tag?post=14811"}],"curies":[{"name":"wp","href":"https:\/\/api.w.org\/{rel}","templated":true}]}}