{"id":14803,"date":"2025-02-17T17:57:48","date_gmt":"2025-02-17T15:57:48","guid":{"rendered":"https:\/\/zbranebudai.sk\/product\/set-svetlovodnych-mieridiel-pre-ruger-mark-series-22-45\/"},"modified":"2026-04-23T06:47:18","modified_gmt":"2026-04-23T04:47:18","slug":"konnyu-vizi-celzokeszlet-ruger-mark-sorozat-22-45","status":"publish","type":"product","link":"https:\/\/zbranebudai.sk\/hu\/product\/set-svetlovodnych-mieridiel-pre-ruger-mark-series-22-45\/","title":{"rendered":"K\u00f6nny\u0171 v\u00edzi c\u00e9lz\u00f3k\u00e9szlet Ruger Mark Series 22\/45-\u00f6sh\u00f6z"},"content":{"rendered":"","protected":false},"excerpt":{"rendered":"<p>J\u00f3l l\u00e1that\u00f3 Williams sz\u00e1loptik\u00e1s c\u00e9lz\u00f3k\u00e9sz\u00fcl\u00e9k a Mark-Series 22\/45\u2122 pisztolyokhoz. Jobb l\u00e1that\u00f3s\u00e1got biztos\u00edtanak gyenge f\u00e9nyviszonyok k\u00f6z\u00f6tt, \u00e9s ford\u00edtva, rendk\u00edv\u00fcl vil\u00e1gos id\u0151ben fokozz\u00e1k a pontok l\u00e1that\u00f3s\u00e1g\u00e1t. A h\u00e1z kiv\u00e1l\u00f3 min\u0151s\u00e9g\u0171, prec\u00edzi\u00f3s megmunk\u00e1l\u00e1s\u00fa alum\u00edniumb\u00f3l k\u00e9sz\u00fclt, fekete kivitelben, piros sz\u00e1lkerettel a retikul\u00e1ban \u00e9s z\u00f6ld sz\u00e1lkerettel a c\u00e9lt\u00e1vcs\u0151ben. A Wiliams c\u00e9lt\u00e1vcs\u00f6vek felgyors\u00edtj\u00e1k a c\u00e9lmegjel\u00f6l\u00e9st \u00e9s jav\u00edtj\u00e1k a pontoss\u00e1got - ide\u00e1lis c\u00e9ll\u00f6v\u00e9szethez \u00e9s vad\u00e1szathoz. A Mark III \u00e9s IV\u2122 22\/45\u2122 pisztolyokhoz illeszkedik, csavaros el\u00fcls\u0151 ir\u00e1nyz\u00e9kkal. Az USA-ban a Williams Gun Sight Company, Inc. \u00e1ltal gy\u00e1rtott Williams Gun Sight Company, Inc. Szakszer\u0171 beszerel\u00e9s aj\u00e1nlott.<\/p>","protected":false},"featured_media":10535,"template":"","meta":{"_gspb_post_css":""},"product_brand":[],"product_cat":[1864,1898,1877,1820],"product_tag":[],"class_list":{"0":"post-14803","1":"product","2":"type-product","3":"status-publish","4":"has-post-thumbnail","6":"product_cat-pistole-zbrane-b-c","7":"product_cat-prislusenstvo-ruger-ruger-pistole-zbrane-b-c","8":"product_cat-ruger-pistole-zbrane-b-c","9":"product_cat-zbrane-b-c","11":"first","12":"outofstock","13":"taxable","14":"shipping-taxable","15":"purchasable","16":"product-type-simple"},"ct_brands":[],"_links":{"self":[{"href":"https:\/\/zbranebudai.sk\/hu\/wp-json\/wp\/v2\/product\/14803","targetHints":{"allow":["GET"]}}],"collection":[{"href":"https:\/\/zbranebudai.sk\/hu\/wp-json\/wp\/v2\/product"}],"about":[{"href":"https:\/\/zbranebudai.sk\/hu\/wp-json\/wp\/v2\/types\/product"}],"wp:featuredmedia":[{"embeddable":true,"href":"https:\/\/zbranebudai.sk\/hu\/wp-json\/wp\/v2\/media\/10535"}],"wp:attachment":[{"href":"https:\/\/zbranebudai.sk\/hu\/wp-json\/wp\/v2\/media?parent=14803"}],"wp:term":[{"taxonomy":"product_brand","embeddable":true,"href":"https:\/\/zbranebudai.sk\/hu\/wp-json\/wp\/v2\/product_brand?post=14803"},{"taxonomy":"product_cat","embeddable":true,"href":"https:\/\/zbranebudai.sk\/hu\/wp-json\/wp\/v2\/product_cat?post=14803"},{"taxonomy":"product_tag","embeddable":true,"href":"https:\/\/zbranebudai.sk\/hu\/wp-json\/wp\/v2\/product_tag?post=14803"}],"curies":[{"name":"wp","href":"https:\/\/api.w.org\/{rel}","templated":true}]}}