{"id":14802,"date":"2025-02-17T17:57:48","date_gmt":"2025-02-17T15:57:48","guid":{"rendered":"https:\/\/zbranebudai.sk\/product\/set-svetlovodnych-mieridiel-pre-ruger-gp100-super-redhawk-12932\/"},"modified":"2026-04-23T07:33:21","modified_gmt":"2026-04-23T05:33:21","slug":"konnyu-vizi-celzokeszlet-ruger-gp100-super-redhawk-12932","status":"publish","type":"product","link":"https:\/\/zbranebudai.sk\/hu\/product\/set-svetlovodnych-mieridiel-pre-ruger-gp100-super-redhawk-12932\/","title":{"rendered":"K\u00f6nny\u0171 v\u00edzi c\u00e9lz\u00f3k\u00e9szlet Ruger GP100, Super Redhawk (12932)"},"content":{"rendered":"","protected":false},"excerpt":{"rendered":"<p>Nem illik az \u00fajabb Ruger Redhawk, Super Redhawk Alaskan, GP100 Match Champion, vagy GP100 Standard modellek 1715, 1757, 1761, 1752, 1753, \u00e9s 1766 modellekhez. Szakszer\u0171 beszerel\u00e9s aj\u00e1nlott.<\/p>","protected":false},"featured_media":10533,"template":"","meta":{"_gspb_post_css":""},"product_brand":[],"product_cat":[1864,1898,1877,1820],"product_tag":[],"class_list":{"0":"post-14802","1":"product","2":"type-product","3":"status-publish","4":"has-post-thumbnail","6":"product_cat-pistole-zbrane-b-c","7":"product_cat-prislusenstvo-ruger-ruger-pistole-zbrane-b-c","8":"product_cat-ruger-pistole-zbrane-b-c","9":"product_cat-zbrane-b-c","11":"first","12":"outofstock","13":"taxable","14":"shipping-taxable","15":"purchasable","16":"product-type-simple"},"ct_brands":[],"_links":{"self":[{"href":"https:\/\/zbranebudai.sk\/hu\/wp-json\/wp\/v2\/product\/14802","targetHints":{"allow":["GET"]}}],"collection":[{"href":"https:\/\/zbranebudai.sk\/hu\/wp-json\/wp\/v2\/product"}],"about":[{"href":"https:\/\/zbranebudai.sk\/hu\/wp-json\/wp\/v2\/types\/product"}],"wp:featuredmedia":[{"embeddable":true,"href":"https:\/\/zbranebudai.sk\/hu\/wp-json\/wp\/v2\/media\/10533"}],"wp:attachment":[{"href":"https:\/\/zbranebudai.sk\/hu\/wp-json\/wp\/v2\/media?parent=14802"}],"wp:term":[{"taxonomy":"product_brand","embeddable":true,"href":"https:\/\/zbranebudai.sk\/hu\/wp-json\/wp\/v2\/product_brand?post=14802"},{"taxonomy":"product_cat","embeddable":true,"href":"https:\/\/zbranebudai.sk\/hu\/wp-json\/wp\/v2\/product_cat?post=14802"},{"taxonomy":"product_tag","embeddable":true,"href":"https:\/\/zbranebudai.sk\/hu\/wp-json\/wp\/v2\/product_tag?post=14802"}],"curies":[{"name":"wp","href":"https:\/\/api.w.org\/{rel}","templated":true}]}}