{"id":14798,"date":"2025-02-17T17:57:48","date_gmt":"2025-02-17T15:57:48","guid":{"rendered":"https:\/\/zbranebudai.sk\/product\/ruger-ar-556-mpr-8535-kal-556-nato-223rem-10rd\/"},"modified":"2026-04-16T03:38:54","modified_gmt":"2026-04-16T01:38:54","slug":"ruger-ar-556-mpr-8535-kal-556-nato-223rem-10rd","status":"publish","type":"product","link":"https:\/\/zbranebudai.sk\/hu\/product\/ruger-ar-556-mpr-8535-kal-556-nato-223rem-10rd\/","title":{"rendered":"Ruger AR-556 MPR 8535, kal. 5.56 NATO\/.223Rem., 10rd."},"content":{"rendered":"<p>PARAM\u00c9TEREK:<\/p>\n<p>Cs\u0151hossz: 457 mm (18 in)<br \/>\nTeljes hossz: 890-970 mm<br \/>\nA tart\u00e1ly kapacit\u00e1sa: 10\u00a0<br \/>\nCs\u0151oszt\u00e1s: 1:8 RH<br \/>\nPicatinny s\u00edn: igen<br \/>\nA hord\u00f3: Kem\u00e9ny bevonat\u00fa elox\u00e1lt III-as t\u00edpus: III-as t\u00edpus\u00fa kem\u00e9ny bevonat\u00fa elox\u00e1lt<br \/>\n\u00cdg\u00e9ret: Szintetikus beh\u00fazhat\u00f3<br \/>\nS\u00faly: 3,2 kg<\/p>","protected":false},"excerpt":{"rendered":"<p>A Ruger AR-556 egy megfizethet\u0151 \u00e1r\u00fa M4 st\u00edlus\u00fa \u00f6nt\u00f6lt\u0151 puska. A fejleszt\u00e9s sor\u00e1n sz\u00e9lesk\u00f6r\u0171en tesztelt\u00e9k, \u00e9s csak a legjobb min\u0151s\u00e9g\u0171 alkatr\u00e9szek \u00e9s anyagok ker\u00fcltek felhaszn\u00e1l\u00e1sra a gy\u00e1rt\u00e1s sor\u00e1n. A v\u00e1z 7075 - T6 alum\u00ednium\u00f6tv\u00f6zetb\u0151l k\u00e9sz\u00fclt. A hidegen kov\u00e1csolt 1\/2\u2033-28-as menetes kr\u00f3m-molibd\u00e9n cs\u0151 fekete nitrid\u00e1lt fel\u00fclet\u0171 a korr\u00f3zi\u00f3\u00e1ll\u00f3s\u00e1g \u00e9rdek\u00e9ben. A robusztus konstrukci\u00f3 \u00e9s a fegyver megb\u00edzhat\u00f3s\u00e1ga olyan tulajdons\u00e1gok, amelyeket a Rugert\u0151l alapfelszerelts\u00e9gk\u00e9nt elv\u00e1rhat.<\/p>","protected":false},"featured_media":10525,"template":"","meta":{"_gspb_post_css":""},"product_brand":[],"product_cat":[2101,1821,1837,1820],"product_tag":[],"class_list":{"0":"post-14798","1":"product","2":"type-product","3":"status-publish","4":"has-post-thumbnail","6":"product_cat-ar-556","7":"product_cat-gulovnice-zbrane-b-c","8":"product_cat-ruger","9":"product_cat-zbrane-b-c","11":"first","12":"instock","13":"taxable","14":"shipping-taxable","15":"purchasable","16":"product-type-simple"},"ct_brands":[],"_links":{"self":[{"href":"https:\/\/zbranebudai.sk\/hu\/wp-json\/wp\/v2\/product\/14798","targetHints":{"allow":["GET"]}}],"collection":[{"href":"https:\/\/zbranebudai.sk\/hu\/wp-json\/wp\/v2\/product"}],"about":[{"href":"https:\/\/zbranebudai.sk\/hu\/wp-json\/wp\/v2\/types\/product"}],"wp:featuredmedia":[{"embeddable":true,"href":"https:\/\/zbranebudai.sk\/hu\/wp-json\/wp\/v2\/media\/10525"}],"wp:attachment":[{"href":"https:\/\/zbranebudai.sk\/hu\/wp-json\/wp\/v2\/media?parent=14798"}],"wp:term":[{"taxonomy":"product_brand","embeddable":true,"href":"https:\/\/zbranebudai.sk\/hu\/wp-json\/wp\/v2\/product_brand?post=14798"},{"taxonomy":"product_cat","embeddable":true,"href":"https:\/\/zbranebudai.sk\/hu\/wp-json\/wp\/v2\/product_cat?post=14798"},{"taxonomy":"product_tag","embeddable":true,"href":"https:\/\/zbranebudai.sk\/hu\/wp-json\/wp\/v2\/product_tag?post=14798"}],"curies":[{"name":"wp","href":"https:\/\/api.w.org\/{rel}","templated":true}]}}