{"id":14796,"date":"2025-02-17T17:57:47","date_gmt":"2025-02-17T15:57:47","guid":{"rendered":"https:\/\/zbranebudai.sk\/product\/vodiace-puzdro-udernika-hellcat-h11\/"},"modified":"2026-04-23T08:08:32","modified_gmt":"2026-04-23T06:08:32","slug":"hellcat-h11-csatarvezeto-huvely","status":"publish","type":"product","link":"https:\/\/zbranebudai.sk\/hu\/product\/vodiace-puzdro-udernika-hellcat-h11\/","title":{"rendered":"HELLCAT\/H11 gy\u00fajt\u00f3szeg-vezet\u0151 h\u00fcvely"},"content":{"rendered":"","protected":false},"excerpt":{"rendered":"<p>No.25\/862210-00\/STRIKER \u00daTmutat\u00f3<\/p>","protected":false},"featured_media":10521,"template":"","meta":{"_gspb_post_css":""},"product_brand":[],"product_cat":[2078,1864,2043,2033,1820],"product_tag":[],"class_list":{"0":"post-14796","1":"product","2":"type-product","3":"status-publish","4":"has-post-thumbnail","6":"product_cat-nahradne-diely-prislusenstvo-springfield-armory","7":"product_cat-pistole-zbrane-b-c","8":"product_cat-prislusenstvo-springfield-armory","9":"product_cat-springfield-armory-hs-produkt","10":"product_cat-zbrane-b-c","12":"first","13":"instock","14":"taxable","15":"shipping-taxable","16":"purchasable","17":"product-type-simple"},"ct_brands":[],"_links":{"self":[{"href":"https:\/\/zbranebudai.sk\/hu\/wp-json\/wp\/v2\/product\/14796","targetHints":{"allow":["GET"]}}],"collection":[{"href":"https:\/\/zbranebudai.sk\/hu\/wp-json\/wp\/v2\/product"}],"about":[{"href":"https:\/\/zbranebudai.sk\/hu\/wp-json\/wp\/v2\/types\/product"}],"wp:featuredmedia":[{"embeddable":true,"href":"https:\/\/zbranebudai.sk\/hu\/wp-json\/wp\/v2\/media\/10521"}],"wp:attachment":[{"href":"https:\/\/zbranebudai.sk\/hu\/wp-json\/wp\/v2\/media?parent=14796"}],"wp:term":[{"taxonomy":"product_brand","embeddable":true,"href":"https:\/\/zbranebudai.sk\/hu\/wp-json\/wp\/v2\/product_brand?post=14796"},{"taxonomy":"product_cat","embeddable":true,"href":"https:\/\/zbranebudai.sk\/hu\/wp-json\/wp\/v2\/product_cat?post=14796"},{"taxonomy":"product_tag","embeddable":true,"href":"https:\/\/zbranebudai.sk\/hu\/wp-json\/wp\/v2\/product_tag?post=14796"}],"curies":[{"name":"wp","href":"https:\/\/api.w.org\/{rel}","templated":true}]}}