{"id":14788,"date":"2025-02-17T17:57:46","date_gmt":"2025-02-17T15:57:46","guid":{"rendered":"https:\/\/zbranebudai.sk\/product\/puzdro-t4e-hdr-68\/"},"modified":"2026-04-30T09:04:17","modified_gmt":"2026-04-30T07:04:17","slug":"t4e-hdr-68","status":"publish","type":"product","link":"https:\/\/zbranebudai.sk\/hu\/product\/puzdro-t4e-hdr-68\/","title":{"rendered":"T4E HDR 68 h\u00e1z"},"content":{"rendered":"","protected":false},"excerpt":{"rendered":"<p>\u00d6vt\u00e1ska T4E HDR 68 revolverhez. \u00dct\u00e9s\u00e1ll\u00f3 polimerb\u0151l k\u00e9sz\u00fclt. \u00c1ll\u00edthat\u00f3 r\u00f6gz\u00edt\u00e9s k\u00fcl\u00f6nb\u00f6z\u0151 \u00f6vsz\u00e9less\u00e9gekhez. Intuit\u00edvan elhelyezett kiold\u00f3gomb. Csat a k\u00fcls\u0151 oldalon egy t\u00f6lt\u00f6tt tartal\u00e9k t\u00e1r sz\u00e1m\u00e1ra.<\/p>","protected":false},"featured_media":10503,"template":"","meta":{"_gspb_post_css":""},"product_brand":[],"product_cat":[2071,1824,1828,2070],"product_tag":[],"class_list":{"0":"post-14788","1":"product","2":"type-product","3":"status-publish","4":"has-post-thumbnail","6":"product_cat-prislusenstvo-t4e","7":"product_cat-zbrane-18-d","8":"product_cat-zbrane-na-co2","9":"product_cat-zbrane-t4e","11":"first","12":"instock","13":"taxable","14":"shipping-taxable","15":"purchasable","16":"product-type-simple"},"ct_brands":[],"_links":{"self":[{"href":"https:\/\/zbranebudai.sk\/hu\/wp-json\/wp\/v2\/product\/14788","targetHints":{"allow":["GET"]}}],"collection":[{"href":"https:\/\/zbranebudai.sk\/hu\/wp-json\/wp\/v2\/product"}],"about":[{"href":"https:\/\/zbranebudai.sk\/hu\/wp-json\/wp\/v2\/types\/product"}],"wp:featuredmedia":[{"embeddable":true,"href":"https:\/\/zbranebudai.sk\/hu\/wp-json\/wp\/v2\/media\/10503"}],"wp:attachment":[{"href":"https:\/\/zbranebudai.sk\/hu\/wp-json\/wp\/v2\/media?parent=14788"}],"wp:term":[{"taxonomy":"product_brand","embeddable":true,"href":"https:\/\/zbranebudai.sk\/hu\/wp-json\/wp\/v2\/product_brand?post=14788"},{"taxonomy":"product_cat","embeddable":true,"href":"https:\/\/zbranebudai.sk\/hu\/wp-json\/wp\/v2\/product_cat?post=14788"},{"taxonomy":"product_tag","embeddable":true,"href":"https:\/\/zbranebudai.sk\/hu\/wp-json\/wp\/v2\/product_tag?post=14788"}],"curies":[{"name":"wp","href":"https:\/\/api.w.org\/{rel}","templated":true}]}}