{"id":14786,"date":"2025-02-17T17:57:46","date_gmt":"2025-02-17T15:57:46","guid":{"rendered":"https:\/\/zbranebudai.sk\/product\/vratna-pruzina-udernika-pre-xd-xd-m-sf19-g2-line\/"},"modified":"2026-04-16T05:30:01","modified_gmt":"2026-04-16T03:30:01","slug":"nyakmerevito-xd-xd-m-sf19-g2-vonalhoz","status":"publish","type":"product","link":"https:\/\/zbranebudai.sk\/hu\/product\/vratna-pruzina-udernika-pre-xd-xd-m-sf19-g2-line\/","title":{"rendered":"\u00dct\u0151szeg visszah\u00faz\u00f3 rug\u00f3 XD\/XD-M\/SF19\/G2 sorozathoz"},"content":{"rendered":"","protected":false},"excerpt":{"rendered":"<p>T\u0170ZK\u00d6ZPONT FELSZEREL\u0150F\u00dcGG\u0150RUG\u00d3, 372340-00, 30. sz.<\/p>","protected":false},"featured_media":10499,"template":"","meta":{"_gspb_post_css":""},"product_brand":[],"product_cat":[2078,1864,2043,2033,1820],"product_tag":[],"class_list":{"0":"post-14786","1":"product","2":"type-product","3":"status-publish","4":"has-post-thumbnail","6":"product_cat-nahradne-diely-prislusenstvo-springfield-armory","7":"product_cat-pistole-zbrane-b-c","8":"product_cat-prislusenstvo-springfield-armory","9":"product_cat-springfield-armory-hs-produkt","10":"product_cat-zbrane-b-c","12":"first","13":"instock","14":"taxable","15":"shipping-taxable","16":"purchasable","17":"product-type-simple"},"ct_brands":[],"_links":{"self":[{"href":"https:\/\/zbranebudai.sk\/hu\/wp-json\/wp\/v2\/product\/14786","targetHints":{"allow":["GET"]}}],"collection":[{"href":"https:\/\/zbranebudai.sk\/hu\/wp-json\/wp\/v2\/product"}],"about":[{"href":"https:\/\/zbranebudai.sk\/hu\/wp-json\/wp\/v2\/types\/product"}],"wp:featuredmedia":[{"embeddable":true,"href":"https:\/\/zbranebudai.sk\/hu\/wp-json\/wp\/v2\/media\/10499"}],"wp:attachment":[{"href":"https:\/\/zbranebudai.sk\/hu\/wp-json\/wp\/v2\/media?parent=14786"}],"wp:term":[{"taxonomy":"product_brand","embeddable":true,"href":"https:\/\/zbranebudai.sk\/hu\/wp-json\/wp\/v2\/product_brand?post=14786"},{"taxonomy":"product_cat","embeddable":true,"href":"https:\/\/zbranebudai.sk\/hu\/wp-json\/wp\/v2\/product_cat?post=14786"},{"taxonomy":"product_tag","embeddable":true,"href":"https:\/\/zbranebudai.sk\/hu\/wp-json\/wp\/v2\/product_tag?post=14786"}],"curies":[{"name":"wp","href":"https:\/\/api.w.org\/{rel}","templated":true}]}}